{"id":39500,"date":"2026-03-06T15:21:50","date_gmt":"2026-03-06T14:21:50","guid":{"rendered":"https:\/\/rntl.ch\/fitness\/?post_type=product&#038;p=39500"},"modified":"2026-03-06T15:32:12","modified_gmt":"2026-03-06T14:32:12","slug":"hammer-rowtech-smart-norsk-rudergeraet-2","status":"publish","type":"product","link":"https:\/\/rntl.ch\/fitness\/produkt\/hammer-rowtech-smart-norsk-rudergeraet-2\/","title":{"rendered":"HAMMER RowTech Smart NorsK Ruderger\u00e4t"},"content":{"rendered":"<p data-start=\"182\" data-end=\"722\">Das elegante Holz-Look-Finish sorgt f\u00fcr eine nat\u00fcrliche, stilvolle Optik, w\u00e4hrend der reduzierte Kunststoffanteil das Ger\u00e4t auch optisch von klassischen Ruderger\u00e4ten abhebt. Gleichzeitig bietet dir das RowTech Smart NorsK alles, was du f\u00fcr ein effektives Ganzk\u00f6rpertraining zu Hause brauchst: starke Trainingsvielfalt, komfortable Ergonomie und moderne Entertainment-Funktionen.<\/p>\n<p data-start=\"724\" data-end=\"1179\">Herzst\u00fcck des Ger\u00e4ts ist das <strong data-start=\"753\" data-end=\"783\">10,1 Zoll TFT-Touchdisplay<\/strong>, das Training und Unterhaltung kombiniert. Du steuerst deine Einheiten direkt \u00fcber den Bildschirm, kannst Programme ausw\u00e4hlen und kompatible Apps wie <strong data-start=\"934\" data-end=\"1001\">Kinomap, HAMMER Workouts, Netflix, Spotify, YouTube oder Disney<\/strong> nutzen. Dank <strong data-start=\"1015\" data-end=\"1023\">WLAN<\/strong>, <strong data-start=\"1025\" data-end=\"1038\">Bluetooth<\/strong>, <strong data-start=\"1040\" data-end=\"1047\">USB<\/strong>, Lautsprechern und Tablethalterung wird dein Rudertraining abwechslungsreich und motivierend.<\/p>\n<p data-start=\"1181\" data-end=\"1627\">F\u00fcr ein individuelles Training verf\u00fcgt das Ruderger\u00e4t \u00fcber <strong data-start=\"1240\" data-end=\"1283\">32 computergesteuerte Widerstandsstufen<\/strong>, ein <strong data-start=\"1289\" data-end=\"1320\">Permanentmagnet-Bremssystem<\/strong> und insgesamt <strong data-start=\"1335\" data-end=\"1360\">19 Trainingsprogramme<\/strong>, darunter <strong data-start=\"1371\" data-end=\"1398\">4 Herzfrequenzprogramme<\/strong>, <strong data-start=\"1400\" data-end=\"1419\">2 Raceprogramme<\/strong> sowie <strong data-start=\"1426\" data-end=\"1454\">3 individuelle Programme<\/strong>. Angezeigt werden unter anderem <strong data-start=\"1487\" data-end=\"1588\">Zeit, Distanz, Geschwindigkeit, Watt, Herzfrequenz, Kalorienverbrauch und Ruderschl\u00e4ge pro Minute<\/strong>.<\/p>\n<p data-start=\"1629\" data-end=\"2149\">Auch beim Komfort \u00fcberzeugt das RowTech Smart NorsK: Der <strong data-start=\"1686\" data-end=\"1735\">innovative Rudergriff mit drei Griffvarianten<\/strong> erm\u00f6glicht ein abwechslungsreiches Training mit gezielterer Belastung verschiedener Muskelgruppen. Die <strong data-start=\"1839\" data-end=\"1883\">rutschfesten, verstellbaren Trittplatten<\/strong> mit Fu\u00dfriemen sorgen f\u00fcr sicheren Halt, und die <strong data-start=\"1932\" data-end=\"1964\">verstellbare Display-Neigung<\/strong> unterst\u00fctzt eine angenehme Sicht und gesunde Kopfhaltung. Nach dem Training l\u00e4sst sich das Ger\u00e4t dank <strong data-start=\"2067\" data-end=\"2087\">Aufstellfunktion<\/strong> platzsparend verstauen.<\/p>\n<p data-start=\"2151\" data-end=\"2461\">Mit einer Stellfl\u00e4che von <strong data-start=\"2177\" data-end=\"2198\">189 x 50 x 105 cm<\/strong>, einem Klappma\u00df von <strong data-start=\"2219\" data-end=\"2240\">120 x 50 x 189 cm<\/strong> und einer maximalen Benutzerbelastung von <strong data-start=\"2283\" data-end=\"2293\">130 kg<\/strong> eignet sich das Ger\u00e4t ideal f\u00fcr ambitioniertes Home-Training. Transportrollen erleichtern das Verschieben im Wohnraum zus\u00e4tzlich.<\/p>\n<h3 data-section-id=\"qzpump\" data-start=\"2463\" data-end=\"2493\">Highlights auf einen Blick<\/h3>\n<ul data-start=\"2494\" data-end=\"2975\">\n<li data-section-id=\"lonaur\" data-start=\"2494\" data-end=\"2551\">\n<p data-start=\"2496\" data-end=\"2551\">10,1&#8243; TFT-Touchdisplay mit smarter Trainingssteuerung<\/p>\n<\/li>\n<li data-section-id=\"1jds00n\" data-start=\"2552\" data-end=\"2606\">\n<p data-start=\"2554\" data-end=\"2606\">Edles Holz-Design mit reduziertem Kunststoffanteil<\/p>\n<\/li>\n<li data-section-id=\"ig38ls\" data-start=\"2607\" data-end=\"2650\">\n<p data-start=\"2609\" data-end=\"2650\">32 computergesteuerte Widerstandsstufen<\/p>\n<\/li>\n<li data-section-id=\"yhkc91\" data-start=\"2651\" data-end=\"2682\">\n<p data-start=\"2653\" data-end=\"2682\">Permanentmagnet-Bremssystem<\/p>\n<\/li>\n<li data-section-id=\"uwv1xq\" data-start=\"2683\" data-end=\"2730\">\n<p data-start=\"2685\" data-end=\"2730\">Innovativer Rudergriff mit 3 Griffvarianten<\/p>\n<\/li>\n<li data-section-id=\"sz9jqv\" data-start=\"2731\" data-end=\"2812\">\n<p data-start=\"2733\" data-end=\"2812\">Kompatibel mit Kinomap, HAMMER Workouts, Netflix, Spotify, YouTube und Disney<\/p>\n<\/li>\n<li data-section-id=\"552n9l\" data-start=\"2813\" data-end=\"2871\">\n<p data-start=\"2815\" data-end=\"2871\">WLAN, Bluetooth, USB, Lautsprecher und Tablethalterung<\/p>\n<\/li>\n<li data-section-id=\"vl0b7f\" data-start=\"2872\" data-end=\"2906\">\n<p data-start=\"2874\" data-end=\"2906\">Platzsparende Aufstellfunktion<\/p>\n<\/li>\n<li data-section-id=\"1j98kfh\" data-start=\"2907\" data-end=\"2975\">\n<p data-start=\"2909\" data-end=\"2975\">Max. Benutzergewicht: 130 kg<\/p>\n<\/li>\n<\/ul>\n<h3 data-section-id=\"vdeyho\" data-start=\"2977\" data-end=\"2997\">Technische Daten<\/h3>\n<ul data-start=\"2998\" data-end=\"3269\">\n<li data-section-id=\"351v4x\" data-start=\"2998\" data-end=\"3037\">\n<p data-start=\"3000\" data-end=\"3037\">Aufstellmass: <strong data-start=\"3014\" data-end=\"3035\">189 x 50 x 105 cm<\/strong><\/p>\n<\/li>\n<li data-section-id=\"esq48g\" data-start=\"3038\" data-end=\"3074\">\n<p data-start=\"3040\" data-end=\"3074\">Klappmass: <strong data-start=\"3051\" data-end=\"3072\">120 x 50 x 189 cm<\/strong><\/p>\n<\/li>\n<li data-section-id=\"ux3n7j\" data-start=\"3075\" data-end=\"3103\">\n<p data-start=\"3077\" data-end=\"3103\">Ger\u00e4tegewicht: <strong data-start=\"3092\" data-end=\"3101\">34 kg<\/strong><\/p>\n<\/li>\n<li data-section-id=\"8ltccw\" data-start=\"3104\" data-end=\"3140\">\n<p data-start=\"3106\" data-end=\"3140\">Max. Benutzergewicht: <strong data-start=\"3128\" data-end=\"3138\">130 kg<\/strong><\/p>\n<\/li>\n<li data-section-id=\"6i2jcu\" data-start=\"3141\" data-end=\"3170\">\n<p data-start=\"3143\" data-end=\"3170\">Widerstandsstufen: <strong data-start=\"3162\" data-end=\"3168\">32<\/strong><\/p>\n<\/li>\n<li data-section-id=\"1pfxbae\" data-start=\"3171\" data-end=\"3192\">\n<p data-start=\"3173\" data-end=\"3192\">Programme: <strong data-start=\"3184\" data-end=\"3190\">19<\/strong><\/p>\n<\/li>\n<li data-section-id=\"1ypklci\" data-start=\"3193\" data-end=\"3269\">\n<p data-start=\"3195\" data-end=\"3269\">Display: <strong data-start=\"3204\" data-end=\"3231\">10,1&#8243; TFT Touch Display<\/strong><\/p>\n<\/li>\n<\/ul>\n","protected":false},"excerpt":{"rendered":"<h2 data-start=\"255\" data-end=\"336\">Das <strong data-start=\"186\" data-end=\"216\">HAMMER RowTech Smart NorsK<\/strong> verbindet modernes Rudertraining mit hochwertigem Design und smarter Trainingssteuerung.<\/h2>\n<p><strong>Kaufpreis Miet\/Kauf | 100% Anrechung der Mietraten [woo_custom_field id=\"rntl_retail_price_field\"].-<\/strong><\/p>\n<p><span style=\"font-weight: 400;\">[rntl_page_content id=\"19556\"]<\/span><\/p>\n<div class=\"woocommerce-product-details__short-description\">\n<p>&nbsp;<\/p>\n<\/div>\n","protected":false},"featured_media":39493,"template":"","meta":{"content-type":""},"product_brand":[182],"product_cat":[29],"product_tag":[112],"class_list":{"0":"post-39500","1":"product","2":"type-product","3":"status-publish","4":"has-post-thumbnail","6":"product_brand-hammer","7":"product_cat-rudergeraete","8":"product_tag-mieten","9":"product_shipping_class-mittel","10":"tm-no-options","12":"first","13":"instock","14":"taxable","15":"shipping-taxable","16":"purchasable","17":"product-type-simple"},"yoast_head":"<!-- This site is optimized with the Yoast SEO plugin v26.3 - https:\/\/yoast.com\/wordpress\/plugins\/seo\/ -->\n<title>HAMMER RowTech Smart NorsK Ruderger\u00e4t - RNTL Fitness<\/title>\n<meta name=\"description\" content=\"Meta-Beschreibung: Erleben Sie effektive Workouts mit dem Matrix Fitness A50XR Ascent Trainer. Dank PerfectStride\u2122-Technologie, variabler Schrittl\u00e4nge und elektronischer Steigungsverstellung bietet er ein nat\u00fcrliches und komfortables Trainingserlebnis. Jetzt entdecken!\" \/>\n<meta name=\"robots\" content=\"index, follow, max-snippet:-1, max-image-preview:large, max-video-preview:-1\" \/>\n<link rel=\"canonical\" href=\"https:\/\/rntl.ch\/fitness\/produkt\/hammer-rowtech-smart-norsk-rudergeraet-2\/\" \/>\n<meta property=\"og:locale\" content=\"de_DE\" \/>\n<meta property=\"og:type\" content=\"article\" \/>\n<meta property=\"og:title\" content=\"HAMMER RowTech Smart NorsK Ruderger\u00e4t - RNTL Fitness\" \/>\n<meta property=\"og:description\" content=\"Meta-Beschreibung: Erleben Sie effektive Workouts mit dem Matrix Fitness A50XR Ascent Trainer. Dank PerfectStride\u2122-Technologie, variabler Schrittl\u00e4nge und elektronischer Steigungsverstellung bietet er ein nat\u00fcrliches und komfortables Trainingserlebnis. Jetzt entdecken!\" \/>\n<meta property=\"og:url\" content=\"https:\/\/rntl.ch\/fitness\/produkt\/hammer-rowtech-smart-norsk-rudergeraet-2\/\" \/>\n<meta property=\"og:site_name\" content=\"RNTL Fitness\" \/>\n<meta property=\"article:modified_time\" content=\"2026-03-06T14:32:12+00:00\" \/>\n<meta property=\"og:image\" content=\"https:\/\/rntl.ch\/fitness\/wp-content\/uploads\/sites\/3\/2026\/03\/1.png\" \/>\n\t<meta property=\"og:image:width\" content=\"500\" \/>\n\t<meta property=\"og:image:height\" content=\"500\" \/>\n\t<meta property=\"og:image:type\" content=\"image\/png\" \/>\n<meta name=\"twitter:card\" content=\"summary_large_image\" \/>\n<meta name=\"twitter:label1\" content=\"Gesch\u00e4tzte Lesezeit\" \/>\n\t<meta name=\"twitter:data1\" content=\"2\u00a0Minuten\" \/>\n<script type=\"application\/ld+json\" class=\"yoast-schema-graph\">{\"@context\":\"https:\/\/schema.org\",\"@graph\":[{\"@type\":\"WebPage\",\"@id\":\"https:\/\/rntl.ch\/fitness\/produkt\/hammer-rowtech-smart-norsk-rudergeraet-2\/\",\"url\":\"https:\/\/rntl.ch\/fitness\/produkt\/hammer-rowtech-smart-norsk-rudergeraet-2\/\",\"name\":\"HAMMER RowTech Smart NorsK Ruderger\u00e4t - RNTL Fitness\",\"isPartOf\":{\"@id\":\"https:\/\/rntl.ch\/fitness\/#website\"},\"primaryImageOfPage\":{\"@id\":\"https:\/\/rntl.ch\/fitness\/produkt\/hammer-rowtech-smart-norsk-rudergeraet-2\/#primaryimage\"},\"image\":{\"@id\":\"https:\/\/rntl.ch\/fitness\/produkt\/hammer-rowtech-smart-norsk-rudergeraet-2\/#primaryimage\"},\"thumbnailUrl\":\"https:\/\/rntl.ch\/fitness\/wp-content\/uploads\/sites\/3\/2026\/03\/1.png\",\"datePublished\":\"2026-03-06T14:21:50+00:00\",\"dateModified\":\"2026-03-06T14:32:12+00:00\",\"description\":\"Meta-Beschreibung: Erleben Sie effektive Workouts mit dem Matrix Fitness A50XR Ascent Trainer. Dank PerfectStride\u2122-Technologie, variabler Schrittl\u00e4nge und elektronischer Steigungsverstellung bietet er ein nat\u00fcrliches und komfortables Trainingserlebnis. Jetzt entdecken!\",\"breadcrumb\":{\"@id\":\"https:\/\/rntl.ch\/fitness\/produkt\/hammer-rowtech-smart-norsk-rudergeraet-2\/#breadcrumb\"},\"inLanguage\":\"de\",\"potentialAction\":[{\"@type\":\"ReadAction\",\"target\":[\"https:\/\/rntl.ch\/fitness\/produkt\/hammer-rowtech-smart-norsk-rudergeraet-2\/\"]}]},{\"@type\":\"ImageObject\",\"inLanguage\":\"de\",\"@id\":\"https:\/\/rntl.ch\/fitness\/produkt\/hammer-rowtech-smart-norsk-rudergeraet-2\/#primaryimage\",\"url\":\"https:\/\/rntl.ch\/fitness\/wp-content\/uploads\/sites\/3\/2026\/03\/1.png\",\"contentUrl\":\"https:\/\/rntl.ch\/fitness\/wp-content\/uploads\/sites\/3\/2026\/03\/1.png\",\"width\":500,\"height\":500},{\"@type\":\"BreadcrumbList\",\"@id\":\"https:\/\/rntl.ch\/fitness\/produkt\/hammer-rowtech-smart-norsk-rudergeraet-2\/#breadcrumb\",\"itemListElement\":[{\"@type\":\"ListItem\",\"position\":1,\"name\":\"Startseite\",\"item\":\"https:\/\/rntl.ch\/fitness\/\"},{\"@type\":\"ListItem\",\"position\":2,\"name\":\"Shop\",\"item\":\"https:\/\/rntl.ch\/fitness\/shop\/\"},{\"@type\":\"ListItem\",\"position\":3,\"name\":\"HAMMER RowTech Smart NorsK Ruderger\u00e4t\"}]},{\"@type\":\"WebSite\",\"@id\":\"https:\/\/rntl.ch\/fitness\/#website\",\"url\":\"https:\/\/rntl.ch\/fitness\/\",\"name\":\"RNTL Fitness\",\"description\":\"Mieten Einfach Anders\",\"publisher\":{\"@id\":\"https:\/\/rntl.ch\/fitness\/#organization\"},\"potentialAction\":[{\"@type\":\"SearchAction\",\"target\":{\"@type\":\"EntryPoint\",\"urlTemplate\":\"https:\/\/rntl.ch\/fitness\/?s={search_term_string}\"},\"query-input\":{\"@type\":\"PropertyValueSpecification\",\"valueRequired\":true,\"valueName\":\"search_term_string\"}}],\"inLanguage\":\"de\"},{\"@type\":\"Organization\",\"@id\":\"https:\/\/rntl.ch\/fitness\/#organization\",\"name\":\"RNTL Fitness\",\"url\":\"https:\/\/rntl.ch\/fitness\/\",\"logo\":{\"@type\":\"ImageObject\",\"inLanguage\":\"de\",\"@id\":\"https:\/\/rntl.ch\/fitness\/#\/schema\/logo\/image\/\",\"url\":\"https:\/\/rntl.ch\/fitness\/wp-content\/uploads\/sites\/3\/2020\/11\/cropped-rntl_logo_white_530x150.png\",\"contentUrl\":\"https:\/\/rntl.ch\/fitness\/wp-content\/uploads\/sites\/3\/2020\/11\/cropped-rntl_logo_white_530x150.png\",\"width\":530,\"height\":150,\"caption\":\"RNTL Fitness\"},\"image\":{\"@id\":\"https:\/\/rntl.ch\/fitness\/#\/schema\/logo\/image\/\"}}]}<\/script>\n<!-- \/ Yoast SEO plugin. -->","yoast_head_json":{"title":"HAMMER RowTech Smart NorsK Ruderger\u00e4t - RNTL Fitness","description":"Meta-Beschreibung: Erleben Sie effektive Workouts mit dem Matrix Fitness A50XR Ascent Trainer. Dank PerfectStride\u2122-Technologie, variabler Schrittl\u00e4nge und elektronischer Steigungsverstellung bietet er ein nat\u00fcrliches und komfortables Trainingserlebnis. Jetzt entdecken!","robots":{"index":"index","follow":"follow","max-snippet":"max-snippet:-1","max-image-preview":"max-image-preview:large","max-video-preview":"max-video-preview:-1"},"canonical":"https:\/\/rntl.ch\/fitness\/produkt\/hammer-rowtech-smart-norsk-rudergeraet-2\/","og_locale":"de_DE","og_type":"article","og_title":"HAMMER RowTech Smart NorsK Ruderger\u00e4t - RNTL Fitness","og_description":"Meta-Beschreibung: Erleben Sie effektive Workouts mit dem Matrix Fitness A50XR Ascent Trainer. Dank PerfectStride\u2122-Technologie, variabler Schrittl\u00e4nge und elektronischer Steigungsverstellung bietet er ein nat\u00fcrliches und komfortables Trainingserlebnis. Jetzt entdecken!","og_url":"https:\/\/rntl.ch\/fitness\/produkt\/hammer-rowtech-smart-norsk-rudergeraet-2\/","og_site_name":"RNTL Fitness","article_modified_time":"2026-03-06T14:32:12+00:00","og_image":[{"width":500,"height":500,"url":"https:\/\/rntl.ch\/fitness\/wp-content\/uploads\/sites\/3\/2026\/03\/1.png","type":"image\/png"}],"twitter_card":"summary_large_image","twitter_misc":{"Gesch\u00e4tzte Lesezeit":"2\u00a0Minuten"},"schema":{"@context":"https:\/\/schema.org","@graph":[{"@type":"WebPage","@id":"https:\/\/rntl.ch\/fitness\/produkt\/hammer-rowtech-smart-norsk-rudergeraet-2\/","url":"https:\/\/rntl.ch\/fitness\/produkt\/hammer-rowtech-smart-norsk-rudergeraet-2\/","name":"HAMMER RowTech Smart NorsK Ruderger\u00e4t - RNTL Fitness","isPartOf":{"@id":"https:\/\/rntl.ch\/fitness\/#website"},"primaryImageOfPage":{"@id":"https:\/\/rntl.ch\/fitness\/produkt\/hammer-rowtech-smart-norsk-rudergeraet-2\/#primaryimage"},"image":{"@id":"https:\/\/rntl.ch\/fitness\/produkt\/hammer-rowtech-smart-norsk-rudergeraet-2\/#primaryimage"},"thumbnailUrl":"https:\/\/rntl.ch\/fitness\/wp-content\/uploads\/sites\/3\/2026\/03\/1.png","datePublished":"2026-03-06T14:21:50+00:00","dateModified":"2026-03-06T14:32:12+00:00","description":"Meta-Beschreibung: Erleben Sie effektive Workouts mit dem Matrix Fitness A50XR Ascent Trainer. Dank PerfectStride\u2122-Technologie, variabler Schrittl\u00e4nge und elektronischer Steigungsverstellung bietet er ein nat\u00fcrliches und komfortables Trainingserlebnis. Jetzt entdecken!","breadcrumb":{"@id":"https:\/\/rntl.ch\/fitness\/produkt\/hammer-rowtech-smart-norsk-rudergeraet-2\/#breadcrumb"},"inLanguage":"de","potentialAction":[{"@type":"ReadAction","target":["https:\/\/rntl.ch\/fitness\/produkt\/hammer-rowtech-smart-norsk-rudergeraet-2\/"]}]},{"@type":"ImageObject","inLanguage":"de","@id":"https:\/\/rntl.ch\/fitness\/produkt\/hammer-rowtech-smart-norsk-rudergeraet-2\/#primaryimage","url":"https:\/\/rntl.ch\/fitness\/wp-content\/uploads\/sites\/3\/2026\/03\/1.png","contentUrl":"https:\/\/rntl.ch\/fitness\/wp-content\/uploads\/sites\/3\/2026\/03\/1.png","width":500,"height":500},{"@type":"BreadcrumbList","@id":"https:\/\/rntl.ch\/fitness\/produkt\/hammer-rowtech-smart-norsk-rudergeraet-2\/#breadcrumb","itemListElement":[{"@type":"ListItem","position":1,"name":"Startseite","item":"https:\/\/rntl.ch\/fitness\/"},{"@type":"ListItem","position":2,"name":"Shop","item":"https:\/\/rntl.ch\/fitness\/shop\/"},{"@type":"ListItem","position":3,"name":"HAMMER RowTech Smart NorsK Ruderger\u00e4t"}]},{"@type":"WebSite","@id":"https:\/\/rntl.ch\/fitness\/#website","url":"https:\/\/rntl.ch\/fitness\/","name":"RNTL Fitness","description":"Mieten Einfach Anders","publisher":{"@id":"https:\/\/rntl.ch\/fitness\/#organization"},"potentialAction":[{"@type":"SearchAction","target":{"@type":"EntryPoint","urlTemplate":"https:\/\/rntl.ch\/fitness\/?s={search_term_string}"},"query-input":{"@type":"PropertyValueSpecification","valueRequired":true,"valueName":"search_term_string"}}],"inLanguage":"de"},{"@type":"Organization","@id":"https:\/\/rntl.ch\/fitness\/#organization","name":"RNTL Fitness","url":"https:\/\/rntl.ch\/fitness\/","logo":{"@type":"ImageObject","inLanguage":"de","@id":"https:\/\/rntl.ch\/fitness\/#\/schema\/logo\/image\/","url":"https:\/\/rntl.ch\/fitness\/wp-content\/uploads\/sites\/3\/2020\/11\/cropped-rntl_logo_white_530x150.png","contentUrl":"https:\/\/rntl.ch\/fitness\/wp-content\/uploads\/sites\/3\/2020\/11\/cropped-rntl_logo_white_530x150.png","width":530,"height":150,"caption":"RNTL Fitness"},"image":{"@id":"https:\/\/rntl.ch\/fitness\/#\/schema\/logo\/image\/"}}]}},"_links":{"self":[{"href":"https:\/\/rntl.ch\/fitness\/wp-json\/wp\/v2\/product\/39500","targetHints":{"allow":["GET"]}}],"collection":[{"href":"https:\/\/rntl.ch\/fitness\/wp-json\/wp\/v2\/product"}],"about":[{"href":"https:\/\/rntl.ch\/fitness\/wp-json\/wp\/v2\/types\/product"}],"version-history":[{"count":2,"href":"https:\/\/rntl.ch\/fitness\/wp-json\/wp\/v2\/product\/39500\/revisions"}],"predecessor-version":[{"id":39507,"href":"https:\/\/rntl.ch\/fitness\/wp-json\/wp\/v2\/product\/39500\/revisions\/39507"}],"wp:featuredmedia":[{"embeddable":true,"href":"https:\/\/rntl.ch\/fitness\/wp-json\/wp\/v2\/media\/39493"}],"wp:attachment":[{"href":"https:\/\/rntl.ch\/fitness\/wp-json\/wp\/v2\/media?parent=39500"}],"wp:term":[{"taxonomy":"product_brand","embeddable":true,"href":"https:\/\/rntl.ch\/fitness\/wp-json\/wp\/v2\/product_brand?post=39500"},{"taxonomy":"product_cat","embeddable":true,"href":"https:\/\/rntl.ch\/fitness\/wp-json\/wp\/v2\/product_cat?post=39500"},{"taxonomy":"product_tag","embeddable":true,"href":"https:\/\/rntl.ch\/fitness\/wp-json\/wp\/v2\/product_tag?post=39500"}],"curies":[{"name":"wp","href":"https:\/\/api.w.org\/{rel}","templated":true}]}}