{"id":40191,"date":"2026-04-13T13:35:07","date_gmt":"2026-04-13T11:35:07","guid":{"rendered":"https:\/\/rntl.ch\/fitness\/?post_type=product&#038;p=40191"},"modified":"2026-04-13T13:46:12","modified_gmt":"2026-04-13T11:46:12","slug":"zwift-ride-mit-wahoo-kickr-core-2-all-in-one-smart-bike-fuer-indoor-cycling","status":"publish","type":"product","link":"https:\/\/rntl.ch\/fitness\/produkt\/zwift-ride-mit-wahoo-kickr-core-2-all-in-one-smart-bike-fuer-indoor-cycling\/","title":{"rendered":"Zwift Ride mit Wahoo KICKR CORE 2 \u2013 All-in-One Smart Bike f\u00fcr Indoor Cycling"},"content":{"rendered":"<p data-start=\"179\" data-end=\"630\">Das Smart Bike wurde speziell f\u00fcr Zwift entwickelt und verbindet realistisches Fahrgef\u00fchl, leise Performance und eine einfache Bedienung in einem kompakten System. Widerstands\u00e4nderungen bei Steigungen und Abfahrten werden automatisch angepasst, sodass jede Einheit noch immersiver wird.<\/p>\n<p data-start=\"632\" data-end=\"1089\">Dank der integrierten Lenkersteuerung bedienst du Zwift direkt am Bike \u2013 ohne die H\u00e4nde vom Lenker zu nehmen. Virtuelle Gangwechsel sorgen f\u00fcr ein schnelles, leises und individuell anpassbares Schaltgef\u00fchl. Gleichzeitig ist das System so konzipiert, dass es schnell aufgebaut, einfach eingestellt und von mehreren Personen genutzt werden kann. Die Passform eignet sich f\u00fcr Fahrerinnen und Fahrer von <strong data-start=\"1032\" data-end=\"1050\">152 bis 198 cm<\/strong>.<\/p>\n<p data-start=\"1091\" data-end=\"1489\">Das Set besteht aus dem <strong data-start=\"1115\" data-end=\"1141\">Zwift Ride Smart Frame<\/strong> und dem <strong data-start=\"1150\" data-end=\"1186\">Wahoo KICKR CORE 2 mit Zwift Cog<\/strong>. Mit einer <strong data-start=\"1198\" data-end=\"1234\">Leistungsgenauigkeit von +\/- 2 %<\/strong>, bis zu <strong data-start=\"1243\" data-end=\"1273\">1.800 Watt Maximalleistung<\/strong> und einer simulierten Steigung von bis zu <strong data-start=\"1316\" data-end=\"1324\">16 %<\/strong> bietet es starke Werte f\u00fcr ambitioniertes Training zu Hause. Die Daten\u00fcbertragung erfolgt \u00fcber <strong data-start=\"1420\" data-end=\"1450\">Bluetooth, ANT+ oder Wi-Fi<\/strong>.<\/p>\n<p data-start=\"1491\" data-end=\"1867\">Durch das kompakte Design ben\u00f6tigt das Setup weniger Platz als ein klassisches Fahrrad-mit-Trainer-System und arbeitet dabei angenehm leise. Flat-Pedale sind bereits im Lieferumfang enthalten, Standard-Rennrad- und MTB-Pedale sind kompatibel. Wichtig zu wissen: <strong data-start=\"1753\" data-end=\"1829\">Das Zwift Ride mit KICKR CORE 2 ist ausschlie\u00dflich mit Zwift kompatibel.<\/strong><\/p>\n<p data-start=\"1869\" data-end=\"1883\"><strong data-start=\"1869\" data-end=\"1883\">Highlights<\/strong><\/p>\n<ul data-start=\"1884\" data-end=\"2613\">\n<li data-section-id=\"1jqcq4q\" data-start=\"1884\" data-end=\"1988\">Komplettes Indoor-Cycling-Setup mit Smart Frame und KICKR CORE 2<\/li>\n<li data-section-id=\"14mo3b\" data-start=\"1989\" data-end=\"2122\">Realistisches Fahrgef\u00fchl durch automatische Widerstandsanpassung bei Steigungen und Abfahrten<\/li>\n<li data-section-id=\"5pm96\" data-start=\"2123\" data-end=\"2216\">Virtuelle, leise und individuell anpassbare Schaltung<\/li>\n<li data-section-id=\"n3dmay\" data-start=\"2217\" data-end=\"2295\">Zwift-Steuerung direkt \u00fcber den Lenker<\/li>\n<li data-section-id=\"15j5c8h\" data-start=\"2296\" data-end=\"2407\">Geeignet f\u00fcr Nutzergr\u00f6\u00dfen von 152 bis 198 cm, max. Nutzergewicht 120 kg<\/li>\n<li data-section-id=\"vkvo3q\" data-start=\"2408\" data-end=\"2520\">Leistungsgenauigkeit +\/- 2 %, max. 1.800 W, Steigungssimulation bis 16 %<\/li>\n<li data-section-id=\"w2ghnt\" data-start=\"2521\" data-end=\"2613\">Kompakt, leise und ideal f\u00fcr das Training zu Hause<\/li>\n<\/ul>\n<p data-start=\"2615\" data-end=\"2638\"><strong data-start=\"2615\" data-end=\"2638\">Technische Eckdaten<\/strong><\/p>\n<ul data-start=\"2639\" data-end=\"2988\">\n<li data-section-id=\"k7028z\" data-start=\"2639\" data-end=\"2704\">Ma\u00dfe: <strong data-start=\"2647\" data-end=\"2664\">136 x 60,2 cm<\/strong><\/li>\n<li data-section-id=\"xm0ela\" data-start=\"2705\" data-end=\"2767\">Gewicht: <strong data-start=\"2716\" data-end=\"2727\">35,4 kg<\/strong><\/li>\n<li data-section-id=\"18fvrqb\" data-start=\"2768\" data-end=\"2828\">Antrieb: <strong data-start=\"2779\" data-end=\"2788\">Kette<\/strong><\/li>\n<li data-section-id=\"1brr9q9\" data-start=\"2829\" data-end=\"2904\">Pedale: <strong data-start=\"2839\" data-end=\"2864\">Flat-Pedale inklusive<\/strong><\/li>\n<li data-section-id=\"ajq55l\" data-start=\"2905\" data-end=\"2988\">Konnektivit\u00e4t: <strong data-start=\"2922\" data-end=\"2948\">Bluetooth, ANT+, Wi-Fi<\/strong><\/li>\n<\/ul>\n<p data-start=\"2990\" data-end=\"3183\">\n","protected":false},"excerpt":{"rendered":"<h2 data-start=\"255\" data-end=\"336\">Mit dem <strong data-start=\"187\" data-end=\"230\">Zwift Ride inklusive Wahoo KICKR CORE 2<\/strong> holst du dir ein durchdachtes, komplettes Indoor-Cycling-Setup nach Hause.<\/h2>\n<p><span style=\"font-weight: 400;\">[rntl_page_content id=\"14687\"]<\/span><\/p>\n<div class=\"woocommerce-product-details__short-description\">\n<p>&nbsp;<\/p>\n<\/div>\n","protected":false},"featured_media":40196,"template":"","meta":{"content-type":""},"product_brand":[164],"product_cat":[99],"product_tag":[112],"class_list":{"0":"post-40191","1":"product","2":"type-product","3":"status-publish","4":"has-post-thumbnail","6":"product_brand-wahoo","7":"product_cat-indoor-cycling","8":"product_tag-mieten","9":"product_shipping_class-leicht","10":"tm-no-options","12":"first","13":"instock","14":"taxable","15":"shipping-taxable","16":"purchasable","17":"product-type-variable-subscription","18":"has-default-attributes"},"yoast_head":"<!-- This site is optimized with the Yoast SEO plugin v26.3 - https:\/\/yoast.com\/wordpress\/plugins\/seo\/ -->\n<title>Zwift Ride mit Wahoo KICKR CORE 2 \u2013 All-in-One Smart Bike f\u00fcr Indoor Cycling - RNTL Fitness<\/title>\n<meta name=\"description\" content=\"Meta-Beschreibung: Erleben Sie effektive Workouts mit dem Matrix Fitness A50XR Ascent Trainer. Dank PerfectStride\u2122-Technologie, variabler Schrittl\u00e4nge und elektronischer Steigungsverstellung bietet er ein nat\u00fcrliches und komfortables Trainingserlebnis. Jetzt entdecken!\" \/>\n<meta name=\"robots\" content=\"index, follow, max-snippet:-1, max-image-preview:large, max-video-preview:-1\" \/>\n<link rel=\"canonical\" href=\"https:\/\/rntl.ch\/fitness\/produkt\/zwift-ride-mit-wahoo-kickr-core-2-all-in-one-smart-bike-fuer-indoor-cycling\/\" \/>\n<meta property=\"og:locale\" content=\"de_DE\" \/>\n<meta property=\"og:type\" content=\"article\" \/>\n<meta property=\"og:title\" content=\"Zwift Ride mit Wahoo KICKR CORE 2 \u2013 All-in-One Smart Bike f\u00fcr Indoor Cycling - RNTL Fitness\" \/>\n<meta property=\"og:description\" content=\"Meta-Beschreibung: Erleben Sie effektive Workouts mit dem Matrix Fitness A50XR Ascent Trainer. Dank PerfectStride\u2122-Technologie, variabler Schrittl\u00e4nge und elektronischer Steigungsverstellung bietet er ein nat\u00fcrliches und komfortables Trainingserlebnis. Jetzt entdecken!\" \/>\n<meta property=\"og:url\" content=\"https:\/\/rntl.ch\/fitness\/produkt\/zwift-ride-mit-wahoo-kickr-core-2-all-in-one-smart-bike-fuer-indoor-cycling\/\" \/>\n<meta property=\"og:site_name\" content=\"RNTL Fitness\" \/>\n<meta property=\"article:modified_time\" content=\"2026-04-13T11:46:12+00:00\" \/>\n<meta property=\"og:image\" content=\"https:\/\/rntl.ch\/fitness\/wp-content\/uploads\/sites\/3\/2026\/04\/1-1.png\" \/>\n\t<meta property=\"og:image:width\" content=\"500\" \/>\n\t<meta property=\"og:image:height\" content=\"500\" \/>\n\t<meta property=\"og:image:type\" content=\"image\/png\" \/>\n<meta name=\"twitter:card\" content=\"summary_large_image\" \/>\n<meta name=\"twitter:label1\" content=\"Gesch\u00e4tzte Lesezeit\" \/>\n\t<meta name=\"twitter:data1\" content=\"2\u00a0Minuten\" \/>\n<script type=\"application\/ld+json\" class=\"yoast-schema-graph\">{\"@context\":\"https:\/\/schema.org\",\"@graph\":[{\"@type\":\"WebPage\",\"@id\":\"https:\/\/rntl.ch\/fitness\/produkt\/zwift-ride-mit-wahoo-kickr-core-2-all-in-one-smart-bike-fuer-indoor-cycling\/\",\"url\":\"https:\/\/rntl.ch\/fitness\/produkt\/zwift-ride-mit-wahoo-kickr-core-2-all-in-one-smart-bike-fuer-indoor-cycling\/\",\"name\":\"Zwift Ride mit Wahoo KICKR CORE 2 \u2013 All-in-One Smart Bike f\u00fcr Indoor Cycling - RNTL Fitness\",\"isPartOf\":{\"@id\":\"https:\/\/rntl.ch\/fitness\/#website\"},\"primaryImageOfPage\":{\"@id\":\"https:\/\/rntl.ch\/fitness\/produkt\/zwift-ride-mit-wahoo-kickr-core-2-all-in-one-smart-bike-fuer-indoor-cycling\/#primaryimage\"},\"image\":{\"@id\":\"https:\/\/rntl.ch\/fitness\/produkt\/zwift-ride-mit-wahoo-kickr-core-2-all-in-one-smart-bike-fuer-indoor-cycling\/#primaryimage\"},\"thumbnailUrl\":\"https:\/\/rntl.ch\/fitness\/wp-content\/uploads\/sites\/3\/2026\/04\/1-1.png\",\"datePublished\":\"2026-04-13T11:35:07+00:00\",\"dateModified\":\"2026-04-13T11:46:12+00:00\",\"description\":\"Meta-Beschreibung: Erleben Sie effektive Workouts mit dem Matrix Fitness A50XR Ascent Trainer. Dank PerfectStride\u2122-Technologie, variabler Schrittl\u00e4nge und elektronischer Steigungsverstellung bietet er ein nat\u00fcrliches und komfortables Trainingserlebnis. Jetzt entdecken!\",\"breadcrumb\":{\"@id\":\"https:\/\/rntl.ch\/fitness\/produkt\/zwift-ride-mit-wahoo-kickr-core-2-all-in-one-smart-bike-fuer-indoor-cycling\/#breadcrumb\"},\"inLanguage\":\"de\",\"potentialAction\":[{\"@type\":\"ReadAction\",\"target\":[\"https:\/\/rntl.ch\/fitness\/produkt\/zwift-ride-mit-wahoo-kickr-core-2-all-in-one-smart-bike-fuer-indoor-cycling\/\"]}]},{\"@type\":\"ImageObject\",\"inLanguage\":\"de\",\"@id\":\"https:\/\/rntl.ch\/fitness\/produkt\/zwift-ride-mit-wahoo-kickr-core-2-all-in-one-smart-bike-fuer-indoor-cycling\/#primaryimage\",\"url\":\"https:\/\/rntl.ch\/fitness\/wp-content\/uploads\/sites\/3\/2026\/04\/1-1.png\",\"contentUrl\":\"https:\/\/rntl.ch\/fitness\/wp-content\/uploads\/sites\/3\/2026\/04\/1-1.png\",\"width\":500,\"height\":500},{\"@type\":\"BreadcrumbList\",\"@id\":\"https:\/\/rntl.ch\/fitness\/produkt\/zwift-ride-mit-wahoo-kickr-core-2-all-in-one-smart-bike-fuer-indoor-cycling\/#breadcrumb\",\"itemListElement\":[{\"@type\":\"ListItem\",\"position\":1,\"name\":\"Startseite\",\"item\":\"https:\/\/rntl.ch\/fitness\/\"},{\"@type\":\"ListItem\",\"position\":2,\"name\":\"Shop\",\"item\":\"https:\/\/rntl.ch\/fitness\/shop\/\"},{\"@type\":\"ListItem\",\"position\":3,\"name\":\"Zwift Ride mit Wahoo KICKR CORE 2 \u2013 All-in-One Smart Bike f\u00fcr Indoor Cycling\"}]},{\"@type\":\"WebSite\",\"@id\":\"https:\/\/rntl.ch\/fitness\/#website\",\"url\":\"https:\/\/rntl.ch\/fitness\/\",\"name\":\"RNTL Fitness\",\"description\":\"Mieten Einfach Anders\",\"publisher\":{\"@id\":\"https:\/\/rntl.ch\/fitness\/#organization\"},\"potentialAction\":[{\"@type\":\"SearchAction\",\"target\":{\"@type\":\"EntryPoint\",\"urlTemplate\":\"https:\/\/rntl.ch\/fitness\/?s={search_term_string}\"},\"query-input\":{\"@type\":\"PropertyValueSpecification\",\"valueRequired\":true,\"valueName\":\"search_term_string\"}}],\"inLanguage\":\"de\"},{\"@type\":\"Organization\",\"@id\":\"https:\/\/rntl.ch\/fitness\/#organization\",\"name\":\"RNTL Fitness\",\"url\":\"https:\/\/rntl.ch\/fitness\/\",\"logo\":{\"@type\":\"ImageObject\",\"inLanguage\":\"de\",\"@id\":\"https:\/\/rntl.ch\/fitness\/#\/schema\/logo\/image\/\",\"url\":\"https:\/\/rntl.ch\/fitness\/wp-content\/uploads\/sites\/3\/2020\/11\/cropped-rntl_logo_white_530x150.png\",\"contentUrl\":\"https:\/\/rntl.ch\/fitness\/wp-content\/uploads\/sites\/3\/2020\/11\/cropped-rntl_logo_white_530x150.png\",\"width\":530,\"height\":150,\"caption\":\"RNTL Fitness\"},\"image\":{\"@id\":\"https:\/\/rntl.ch\/fitness\/#\/schema\/logo\/image\/\"}}]}<\/script>\n<!-- \/ Yoast SEO plugin. -->","yoast_head_json":{"title":"Zwift Ride mit Wahoo KICKR CORE 2 \u2013 All-in-One Smart Bike f\u00fcr Indoor Cycling - RNTL Fitness","description":"Meta-Beschreibung: Erleben Sie effektive Workouts mit dem Matrix Fitness A50XR Ascent Trainer. Dank PerfectStride\u2122-Technologie, variabler Schrittl\u00e4nge und elektronischer Steigungsverstellung bietet er ein nat\u00fcrliches und komfortables Trainingserlebnis. Jetzt entdecken!","robots":{"index":"index","follow":"follow","max-snippet":"max-snippet:-1","max-image-preview":"max-image-preview:large","max-video-preview":"max-video-preview:-1"},"canonical":"https:\/\/rntl.ch\/fitness\/produkt\/zwift-ride-mit-wahoo-kickr-core-2-all-in-one-smart-bike-fuer-indoor-cycling\/","og_locale":"de_DE","og_type":"article","og_title":"Zwift Ride mit Wahoo KICKR CORE 2 \u2013 All-in-One Smart Bike f\u00fcr Indoor Cycling - RNTL Fitness","og_description":"Meta-Beschreibung: Erleben Sie effektive Workouts mit dem Matrix Fitness A50XR Ascent Trainer. Dank PerfectStride\u2122-Technologie, variabler Schrittl\u00e4nge und elektronischer Steigungsverstellung bietet er ein nat\u00fcrliches und komfortables Trainingserlebnis. Jetzt entdecken!","og_url":"https:\/\/rntl.ch\/fitness\/produkt\/zwift-ride-mit-wahoo-kickr-core-2-all-in-one-smart-bike-fuer-indoor-cycling\/","og_site_name":"RNTL Fitness","article_modified_time":"2026-04-13T11:46:12+00:00","og_image":[{"width":500,"height":500,"url":"https:\/\/rntl.ch\/fitness\/wp-content\/uploads\/sites\/3\/2026\/04\/1-1.png","type":"image\/png"}],"twitter_card":"summary_large_image","twitter_misc":{"Gesch\u00e4tzte Lesezeit":"2\u00a0Minuten"},"schema":{"@context":"https:\/\/schema.org","@graph":[{"@type":"WebPage","@id":"https:\/\/rntl.ch\/fitness\/produkt\/zwift-ride-mit-wahoo-kickr-core-2-all-in-one-smart-bike-fuer-indoor-cycling\/","url":"https:\/\/rntl.ch\/fitness\/produkt\/zwift-ride-mit-wahoo-kickr-core-2-all-in-one-smart-bike-fuer-indoor-cycling\/","name":"Zwift Ride mit Wahoo KICKR CORE 2 \u2013 All-in-One Smart Bike f\u00fcr Indoor Cycling - RNTL Fitness","isPartOf":{"@id":"https:\/\/rntl.ch\/fitness\/#website"},"primaryImageOfPage":{"@id":"https:\/\/rntl.ch\/fitness\/produkt\/zwift-ride-mit-wahoo-kickr-core-2-all-in-one-smart-bike-fuer-indoor-cycling\/#primaryimage"},"image":{"@id":"https:\/\/rntl.ch\/fitness\/produkt\/zwift-ride-mit-wahoo-kickr-core-2-all-in-one-smart-bike-fuer-indoor-cycling\/#primaryimage"},"thumbnailUrl":"https:\/\/rntl.ch\/fitness\/wp-content\/uploads\/sites\/3\/2026\/04\/1-1.png","datePublished":"2026-04-13T11:35:07+00:00","dateModified":"2026-04-13T11:46:12+00:00","description":"Meta-Beschreibung: Erleben Sie effektive Workouts mit dem Matrix Fitness A50XR Ascent Trainer. Dank PerfectStride\u2122-Technologie, variabler Schrittl\u00e4nge und elektronischer Steigungsverstellung bietet er ein nat\u00fcrliches und komfortables Trainingserlebnis. Jetzt entdecken!","breadcrumb":{"@id":"https:\/\/rntl.ch\/fitness\/produkt\/zwift-ride-mit-wahoo-kickr-core-2-all-in-one-smart-bike-fuer-indoor-cycling\/#breadcrumb"},"inLanguage":"de","potentialAction":[{"@type":"ReadAction","target":["https:\/\/rntl.ch\/fitness\/produkt\/zwift-ride-mit-wahoo-kickr-core-2-all-in-one-smart-bike-fuer-indoor-cycling\/"]}]},{"@type":"ImageObject","inLanguage":"de","@id":"https:\/\/rntl.ch\/fitness\/produkt\/zwift-ride-mit-wahoo-kickr-core-2-all-in-one-smart-bike-fuer-indoor-cycling\/#primaryimage","url":"https:\/\/rntl.ch\/fitness\/wp-content\/uploads\/sites\/3\/2026\/04\/1-1.png","contentUrl":"https:\/\/rntl.ch\/fitness\/wp-content\/uploads\/sites\/3\/2026\/04\/1-1.png","width":500,"height":500},{"@type":"BreadcrumbList","@id":"https:\/\/rntl.ch\/fitness\/produkt\/zwift-ride-mit-wahoo-kickr-core-2-all-in-one-smart-bike-fuer-indoor-cycling\/#breadcrumb","itemListElement":[{"@type":"ListItem","position":1,"name":"Startseite","item":"https:\/\/rntl.ch\/fitness\/"},{"@type":"ListItem","position":2,"name":"Shop","item":"https:\/\/rntl.ch\/fitness\/shop\/"},{"@type":"ListItem","position":3,"name":"Zwift Ride mit Wahoo KICKR CORE 2 \u2013 All-in-One Smart Bike f\u00fcr Indoor Cycling"}]},{"@type":"WebSite","@id":"https:\/\/rntl.ch\/fitness\/#website","url":"https:\/\/rntl.ch\/fitness\/","name":"RNTL Fitness","description":"Mieten Einfach Anders","publisher":{"@id":"https:\/\/rntl.ch\/fitness\/#organization"},"potentialAction":[{"@type":"SearchAction","target":{"@type":"EntryPoint","urlTemplate":"https:\/\/rntl.ch\/fitness\/?s={search_term_string}"},"query-input":{"@type":"PropertyValueSpecification","valueRequired":true,"valueName":"search_term_string"}}],"inLanguage":"de"},{"@type":"Organization","@id":"https:\/\/rntl.ch\/fitness\/#organization","name":"RNTL Fitness","url":"https:\/\/rntl.ch\/fitness\/","logo":{"@type":"ImageObject","inLanguage":"de","@id":"https:\/\/rntl.ch\/fitness\/#\/schema\/logo\/image\/","url":"https:\/\/rntl.ch\/fitness\/wp-content\/uploads\/sites\/3\/2020\/11\/cropped-rntl_logo_white_530x150.png","contentUrl":"https:\/\/rntl.ch\/fitness\/wp-content\/uploads\/sites\/3\/2020\/11\/cropped-rntl_logo_white_530x150.png","width":530,"height":150,"caption":"RNTL Fitness"},"image":{"@id":"https:\/\/rntl.ch\/fitness\/#\/schema\/logo\/image\/"}}]}},"_links":{"self":[{"href":"https:\/\/rntl.ch\/fitness\/wp-json\/wp\/v2\/product\/40191","targetHints":{"allow":["GET"]}}],"collection":[{"href":"https:\/\/rntl.ch\/fitness\/wp-json\/wp\/v2\/product"}],"about":[{"href":"https:\/\/rntl.ch\/fitness\/wp-json\/wp\/v2\/types\/product"}],"version-history":[{"count":1,"href":"https:\/\/rntl.ch\/fitness\/wp-json\/wp\/v2\/product\/40191\/revisions"}],"predecessor-version":[{"id":40207,"href":"https:\/\/rntl.ch\/fitness\/wp-json\/wp\/v2\/product\/40191\/revisions\/40207"}],"wp:featuredmedia":[{"embeddable":true,"href":"https:\/\/rntl.ch\/fitness\/wp-json\/wp\/v2\/media\/40196"}],"wp:attachment":[{"href":"https:\/\/rntl.ch\/fitness\/wp-json\/wp\/v2\/media?parent=40191"}],"wp:term":[{"taxonomy":"product_brand","embeddable":true,"href":"https:\/\/rntl.ch\/fitness\/wp-json\/wp\/v2\/product_brand?post=40191"},{"taxonomy":"product_cat","embeddable":true,"href":"https:\/\/rntl.ch\/fitness\/wp-json\/wp\/v2\/product_cat?post=40191"},{"taxonomy":"product_tag","embeddable":true,"href":"https:\/\/rntl.ch\/fitness\/wp-json\/wp\/v2\/product_tag?post=40191"}],"curies":[{"name":"wp","href":"https:\/\/api.w.org\/{rel}","templated":true}]}}