{"id":6985,"date":"2020-01-20T15:32:59","date_gmt":"2020-01-20T14:32:59","guid":{"rendered":"https:\/\/fitness.rntl.ch\/?post_type=product&#038;p=6985"},"modified":"2025-02-18T15:22:12","modified_gmt":"2025-02-18T14:22:12","slug":"bodenmatte-kettler","status":"publish","type":"product","link":"https:\/\/rntl.ch\/fitness\/produkt\/bodenmatte-kettler\/","title":{"rendered":"Tunturi Bodenschutzmatte 160cm x 87cm"},"content":{"rendered":"<p>Die Tunturi Bodenschutzmatten sind speziell f\u00fcr den Gebrauch mit Fitnessger\u00e4ten konzipiert. Diese speziellen Schutzmatten wirken schalld\u00e4mpfend w\u00e4hrend des Trainings und sch\u00fctzen gleichzeitig den Boden vor\u00a0 Schweiss und Kratzern. Ausserdem helfen Sie auch dass das Ger\u00e4t nicht rutscht und standfest bleibt.<\/p>\n<p>Dieses Modell (14TUSFU115) ist die mittelgrosse Gr\u00f6sse der Tunturi Schutzmatten und eignet sich f\u00fcr Heimtrainer und heckbetriebene Crosstrainer.<\/p>\n<p>Die Abmessungen dieser Schutzmatte betragen 160 cm x 87 cm.\u00a0Die Mattendicke ist 4 mm.<\/p>\n","protected":false},"excerpt":{"rendered":"<p>Dieses Bodenschutzmatte eignet sich f\u00fcr Heimtrainer und heckbetriebene Crosstrainer. Die Abmessungen dieser Schutzmatte betragen 160 cm x 87 cm.\u00a0Die Mattendicke ist 4 mm.<\/p>\n","protected":false},"featured_media":32257,"template":"","meta":{"content-type":""},"product_brand":[],"product_cat":[32],"product_tag":[26],"class_list":{"0":"post-6985","1":"product","2":"type-product","3":"status-publish","4":"has-post-thumbnail","6":"product_cat-zusatzausruestung","7":"product_tag-kaufen","8":"product_shipping_class-paket","9":"tm-no-options","11":"first","12":"instock","13":"taxable","14":"shipping-taxable","15":"purchasable","16":"product-type-simple"},"yoast_head":"<!-- This site is optimized with the Yoast SEO plugin v26.3 - https:\/\/yoast.com\/wordpress\/plugins\/seo\/ -->\n<title>Tunturi Bodenschutzmatte 160cm x 87cm - RNTL Fitness<\/title>\n<meta name=\"robots\" content=\"index, follow, max-snippet:-1, max-image-preview:large, max-video-preview:-1\" \/>\n<link rel=\"canonical\" href=\"https:\/\/rntl.ch\/fitness\/produkt\/bodenmatte-kettler\/\" \/>\n<meta property=\"og:locale\" content=\"de_DE\" \/>\n<meta property=\"og:type\" content=\"article\" \/>\n<meta property=\"og:title\" content=\"Tunturi Bodenschutzmatte 160cm x 87cm - RNTL Fitness\" \/>\n<meta property=\"og:description\" content=\"Dieses Bodenschutzmatte eignet sich f\u00fcr Heimtrainer und heckbetriebene Crosstrainer. Die Abmessungen dieser Schutzmatte betragen 160 cm x 87 cm.\u00a0Die Mattendicke ist 4 mm.\" \/>\n<meta property=\"og:url\" content=\"https:\/\/rntl.ch\/fitness\/produkt\/bodenmatte-kettler\/\" \/>\n<meta property=\"og:site_name\" content=\"RNTL Fitness\" \/>\n<meta property=\"article:modified_time\" content=\"2025-02-18T14:22:12+00:00\" \/>\n<meta property=\"og:image\" content=\"https:\/\/rntl.ch\/fitness\/wp-content\/uploads\/sites\/3\/2020\/01\/1.png\" \/>\n\t<meta property=\"og:image:width\" content=\"800\" \/>\n\t<meta property=\"og:image:height\" content=\"800\" \/>\n\t<meta property=\"og:image:type\" content=\"image\/png\" \/>\n<meta name=\"twitter:card\" content=\"summary_large_image\" \/>\n<meta name=\"twitter:label1\" content=\"Gesch\u00e4tzte Lesezeit\" \/>\n\t<meta name=\"twitter:data1\" content=\"1\u00a0Minute\" \/>\n<script type=\"application\/ld+json\" class=\"yoast-schema-graph\">{\"@context\":\"https:\/\/schema.org\",\"@graph\":[{\"@type\":\"WebPage\",\"@id\":\"https:\/\/rntl.ch\/fitness\/produkt\/bodenmatte-kettler\/\",\"url\":\"https:\/\/rntl.ch\/fitness\/produkt\/bodenmatte-kettler\/\",\"name\":\"Tunturi Bodenschutzmatte 160cm x 87cm - RNTL Fitness\",\"isPartOf\":{\"@id\":\"https:\/\/rntl.ch\/fitness\/#website\"},\"primaryImageOfPage\":{\"@id\":\"https:\/\/rntl.ch\/fitness\/produkt\/bodenmatte-kettler\/#primaryimage\"},\"image\":{\"@id\":\"https:\/\/rntl.ch\/fitness\/produkt\/bodenmatte-kettler\/#primaryimage\"},\"thumbnailUrl\":\"https:\/\/rntl.ch\/fitness\/wp-content\/uploads\/sites\/3\/2020\/01\/1.png\",\"datePublished\":\"2020-01-20T14:32:59+00:00\",\"dateModified\":\"2025-02-18T14:22:12+00:00\",\"breadcrumb\":{\"@id\":\"https:\/\/rntl.ch\/fitness\/produkt\/bodenmatte-kettler\/#breadcrumb\"},\"inLanguage\":\"de\",\"potentialAction\":[{\"@type\":\"ReadAction\",\"target\":[\"https:\/\/rntl.ch\/fitness\/produkt\/bodenmatte-kettler\/\"]}]},{\"@type\":\"ImageObject\",\"inLanguage\":\"de\",\"@id\":\"https:\/\/rntl.ch\/fitness\/produkt\/bodenmatte-kettler\/#primaryimage\",\"url\":\"https:\/\/rntl.ch\/fitness\/wp-content\/uploads\/sites\/3\/2020\/01\/1.png\",\"contentUrl\":\"https:\/\/rntl.ch\/fitness\/wp-content\/uploads\/sites\/3\/2020\/01\/1.png\",\"width\":800,\"height\":800},{\"@type\":\"BreadcrumbList\",\"@id\":\"https:\/\/rntl.ch\/fitness\/produkt\/bodenmatte-kettler\/#breadcrumb\",\"itemListElement\":[{\"@type\":\"ListItem\",\"position\":1,\"name\":\"Startseite\",\"item\":\"https:\/\/rntl.ch\/fitness\/\"},{\"@type\":\"ListItem\",\"position\":2,\"name\":\"Shop\",\"item\":\"https:\/\/rntl.ch\/fitness\/shop\/\"},{\"@type\":\"ListItem\",\"position\":3,\"name\":\"Tunturi Bodenschutzmatte 160cm x 87cm\"}]},{\"@type\":\"WebSite\",\"@id\":\"https:\/\/rntl.ch\/fitness\/#website\",\"url\":\"https:\/\/rntl.ch\/fitness\/\",\"name\":\"RNTL Fitness\",\"description\":\"Mieten Einfach Anders\",\"publisher\":{\"@id\":\"https:\/\/rntl.ch\/fitness\/#organization\"},\"potentialAction\":[{\"@type\":\"SearchAction\",\"target\":{\"@type\":\"EntryPoint\",\"urlTemplate\":\"https:\/\/rntl.ch\/fitness\/?s={search_term_string}\"},\"query-input\":{\"@type\":\"PropertyValueSpecification\",\"valueRequired\":true,\"valueName\":\"search_term_string\"}}],\"inLanguage\":\"de\"},{\"@type\":\"Organization\",\"@id\":\"https:\/\/rntl.ch\/fitness\/#organization\",\"name\":\"RNTL Fitness\",\"url\":\"https:\/\/rntl.ch\/fitness\/\",\"logo\":{\"@type\":\"ImageObject\",\"inLanguage\":\"de\",\"@id\":\"https:\/\/rntl.ch\/fitness\/#\/schema\/logo\/image\/\",\"url\":\"https:\/\/rntl.ch\/fitness\/wp-content\/uploads\/sites\/3\/2020\/11\/cropped-rntl_logo_white_530x150.png\",\"contentUrl\":\"https:\/\/rntl.ch\/fitness\/wp-content\/uploads\/sites\/3\/2020\/11\/cropped-rntl_logo_white_530x150.png\",\"width\":530,\"height\":150,\"caption\":\"RNTL Fitness\"},\"image\":{\"@id\":\"https:\/\/rntl.ch\/fitness\/#\/schema\/logo\/image\/\"}}]}<\/script>\n<!-- \/ Yoast SEO plugin. -->","yoast_head_json":{"title":"Tunturi Bodenschutzmatte 160cm x 87cm - RNTL Fitness","robots":{"index":"index","follow":"follow","max-snippet":"max-snippet:-1","max-image-preview":"max-image-preview:large","max-video-preview":"max-video-preview:-1"},"canonical":"https:\/\/rntl.ch\/fitness\/produkt\/bodenmatte-kettler\/","og_locale":"de_DE","og_type":"article","og_title":"Tunturi Bodenschutzmatte 160cm x 87cm - RNTL Fitness","og_description":"Dieses Bodenschutzmatte eignet sich f\u00fcr Heimtrainer und heckbetriebene Crosstrainer. Die Abmessungen dieser Schutzmatte betragen 160 cm x 87 cm.\u00a0Die Mattendicke ist 4 mm.","og_url":"https:\/\/rntl.ch\/fitness\/produkt\/bodenmatte-kettler\/","og_site_name":"RNTL Fitness","article_modified_time":"2025-02-18T14:22:12+00:00","og_image":[{"width":800,"height":800,"url":"https:\/\/rntl.ch\/fitness\/wp-content\/uploads\/sites\/3\/2020\/01\/1.png","type":"image\/png"}],"twitter_card":"summary_large_image","twitter_misc":{"Gesch\u00e4tzte Lesezeit":"1\u00a0Minute"},"schema":{"@context":"https:\/\/schema.org","@graph":[{"@type":"WebPage","@id":"https:\/\/rntl.ch\/fitness\/produkt\/bodenmatte-kettler\/","url":"https:\/\/rntl.ch\/fitness\/produkt\/bodenmatte-kettler\/","name":"Tunturi Bodenschutzmatte 160cm x 87cm - RNTL Fitness","isPartOf":{"@id":"https:\/\/rntl.ch\/fitness\/#website"},"primaryImageOfPage":{"@id":"https:\/\/rntl.ch\/fitness\/produkt\/bodenmatte-kettler\/#primaryimage"},"image":{"@id":"https:\/\/rntl.ch\/fitness\/produkt\/bodenmatte-kettler\/#primaryimage"},"thumbnailUrl":"https:\/\/rntl.ch\/fitness\/wp-content\/uploads\/sites\/3\/2020\/01\/1.png","datePublished":"2020-01-20T14:32:59+00:00","dateModified":"2025-02-18T14:22:12+00:00","breadcrumb":{"@id":"https:\/\/rntl.ch\/fitness\/produkt\/bodenmatte-kettler\/#breadcrumb"},"inLanguage":"de","potentialAction":[{"@type":"ReadAction","target":["https:\/\/rntl.ch\/fitness\/produkt\/bodenmatte-kettler\/"]}]},{"@type":"ImageObject","inLanguage":"de","@id":"https:\/\/rntl.ch\/fitness\/produkt\/bodenmatte-kettler\/#primaryimage","url":"https:\/\/rntl.ch\/fitness\/wp-content\/uploads\/sites\/3\/2020\/01\/1.png","contentUrl":"https:\/\/rntl.ch\/fitness\/wp-content\/uploads\/sites\/3\/2020\/01\/1.png","width":800,"height":800},{"@type":"BreadcrumbList","@id":"https:\/\/rntl.ch\/fitness\/produkt\/bodenmatte-kettler\/#breadcrumb","itemListElement":[{"@type":"ListItem","position":1,"name":"Startseite","item":"https:\/\/rntl.ch\/fitness\/"},{"@type":"ListItem","position":2,"name":"Shop","item":"https:\/\/rntl.ch\/fitness\/shop\/"},{"@type":"ListItem","position":3,"name":"Tunturi Bodenschutzmatte 160cm x 87cm"}]},{"@type":"WebSite","@id":"https:\/\/rntl.ch\/fitness\/#website","url":"https:\/\/rntl.ch\/fitness\/","name":"RNTL Fitness","description":"Mieten Einfach Anders","publisher":{"@id":"https:\/\/rntl.ch\/fitness\/#organization"},"potentialAction":[{"@type":"SearchAction","target":{"@type":"EntryPoint","urlTemplate":"https:\/\/rntl.ch\/fitness\/?s={search_term_string}"},"query-input":{"@type":"PropertyValueSpecification","valueRequired":true,"valueName":"search_term_string"}}],"inLanguage":"de"},{"@type":"Organization","@id":"https:\/\/rntl.ch\/fitness\/#organization","name":"RNTL Fitness","url":"https:\/\/rntl.ch\/fitness\/","logo":{"@type":"ImageObject","inLanguage":"de","@id":"https:\/\/rntl.ch\/fitness\/#\/schema\/logo\/image\/","url":"https:\/\/rntl.ch\/fitness\/wp-content\/uploads\/sites\/3\/2020\/11\/cropped-rntl_logo_white_530x150.png","contentUrl":"https:\/\/rntl.ch\/fitness\/wp-content\/uploads\/sites\/3\/2020\/11\/cropped-rntl_logo_white_530x150.png","width":530,"height":150,"caption":"RNTL Fitness"},"image":{"@id":"https:\/\/rntl.ch\/fitness\/#\/schema\/logo\/image\/"}}]}},"_links":{"self":[{"href":"https:\/\/rntl.ch\/fitness\/wp-json\/wp\/v2\/product\/6985","targetHints":{"allow":["GET"]}}],"collection":[{"href":"https:\/\/rntl.ch\/fitness\/wp-json\/wp\/v2\/product"}],"about":[{"href":"https:\/\/rntl.ch\/fitness\/wp-json\/wp\/v2\/types\/product"}],"version-history":[{"count":2,"href":"https:\/\/rntl.ch\/fitness\/wp-json\/wp\/v2\/product\/6985\/revisions"}],"predecessor-version":[{"id":32256,"href":"https:\/\/rntl.ch\/fitness\/wp-json\/wp\/v2\/product\/6985\/revisions\/32256"}],"wp:featuredmedia":[{"embeddable":true,"href":"https:\/\/rntl.ch\/fitness\/wp-json\/wp\/v2\/media\/32257"}],"wp:attachment":[{"href":"https:\/\/rntl.ch\/fitness\/wp-json\/wp\/v2\/media?parent=6985"}],"wp:term":[{"taxonomy":"product_brand","embeddable":true,"href":"https:\/\/rntl.ch\/fitness\/wp-json\/wp\/v2\/product_brand?post=6985"},{"taxonomy":"product_cat","embeddable":true,"href":"https:\/\/rntl.ch\/fitness\/wp-json\/wp\/v2\/product_cat?post=6985"},{"taxonomy":"product_tag","embeddable":true,"href":"https:\/\/rntl.ch\/fitness\/wp-json\/wp\/v2\/product_tag?post=6985"}],"curies":[{"name":"wp","href":"https:\/\/api.w.org\/{rel}","templated":true}]}}