{"id":7171,"date":"2020-04-07T11:51:53","date_gmt":"2020-04-07T11:51:53","guid":{"rendered":"https:\/\/fitness.rntl.ch\/?post_type=product&#038;p=7171"},"modified":"2022-02-16T21:36:18","modified_gmt":"2022-02-16T20:36:18","slug":"natilus-u628-old","status":"publish","type":"product","link":"https:\/\/rntl.ch\/fitness\/produkt\/natilus-u628-old\/","title":{"rendered":"Nautilus U628 Heimtrainer"},"content":{"rendered":"<p id=\"tw-target-text\" class=\"tw-data-text tw-text-large tw-ta\" dir=\"ltr\" data-placeholder=\"\u00dcbersetzung\"><span lang=\"de\">Aus der Nautilus Performance Series stammt dieses U628 Upright Bike.<br \/>\nEr wurde f\u00fcr Radfahrer entwickelt, die ihre Fahrt ins Haus bringen m\u00f6chten.<br \/>\nEr ist auf Komfort ausgelegt und bietet Funktionen wie Bluetooth\u00ae-Konnektivit\u00e4t mit diversen APPs wie RideSocial\u00ae,TrainerTMApp um die Motivation anzukurbeln und Trainingsziele zu erreichen.<\/span><\/p>\n<p>29 kundenspezifische Trainingsprogramme<\/p>\n<ul>\n<li>25 Widerstandsstufen f\u00fcr eine Vielzahl von Trainingsintensit\u00e4tsoptionen<\/li>\n<li>Optimierte Antriebsstrang, effektives Schwungradsystem<\/li>\n<li>Einstellbare Sight Line \u2122 Konsole mit zwei blauen hinterleuchteten Bildschirmen.<\/li>\n<li>4 Herzfrequenzkontakte und Telemetrie aktiviert (inkl. Brustgurt)<\/li>\n<li>Bluetooth<\/li>\n<li>Stromversorgung mit Netzadapter<\/li>\n<li>Wasserflaschenhalter<\/li>\n<li>Transportr\u00e4der<\/li>\n<li>Medienfach<\/li>\n<li>Lautsprecher<\/li>\n<li>Benutzerl\u00fcftung in drei Stufen \ud83d\ude09<\/li>\n<li>Aufstellmasse: (L) 97.9 cm x (B) 60.96 cm x (H) 148 cm<\/li>\n<\/ul>\n","protected":false},"excerpt":{"rendered":"<div class=\"pre-order-text\"><strong>Sehr beliebter Hometrainer f\u00fcr REHA zuhause\u00a0<\/strong><\/div>\n<ul>\n<li>Bei einem Kauf werden die bezahlten Mietraten angerechnet.<strong> Kaufpreis Fr 1199.-<\/strong><\/li>\n<li>Lieferung des montierten Ger\u00e4tes erfolgt innert ca. 2-3 Wochen<\/li>\n<li>Der erste Monat startet erst wenn das Ger\u00e4t bei dir ist<\/li>\n<li>Ger\u00e4te sind in einem Top-Zustand oder neu<\/li>\n<li>100% Funktionsgarantie ist im Mietpreis inbegriffen<\/li>\n<\/ul>\n","protected":false},"featured_media":7172,"template":"","meta":{"content-type":""},"product_brand":[],"product_cat":[25],"product_tag":[],"class_list":{"0":"post-7171","1":"product","2":"type-product","3":"status-publish","4":"has-post-thumbnail","6":"product_cat-hometrainer","7":"product_shipping_class-leicht","8":"tm-no-options","10":"first","11":"onbackorder","12":"taxable","13":"shipping-taxable","14":"purchasable","15":"product-type-subscription"},"yoast_head":"<!-- This site is optimized with the Yoast SEO plugin v26.3 - https:\/\/yoast.com\/wordpress\/plugins\/seo\/ -->\n<title>Nautilus U628 Heimtrainer - RNTL Fitness<\/title>\n<meta name=\"robots\" content=\"index, follow, max-snippet:-1, max-image-preview:large, max-video-preview:-1\" \/>\n<link rel=\"canonical\" href=\"https:\/\/rntl.ch\/fitness\/produkt\/natilus-u628-old\/\" \/>\n<meta property=\"og:locale\" content=\"de_DE\" \/>\n<meta property=\"og:type\" content=\"article\" \/>\n<meta property=\"og:title\" content=\"Nautilus U628 Heimtrainer - RNTL Fitness\" \/>\n<meta property=\"og:description\" content=\"Sehr beliebter Hometrainer f\u00fcr REHA zuhause\u00a0   Bei einem Kauf werden die bezahlten Mietraten angerechnet. Kaufpreis Fr 1199.-  Lieferung des montierten Ger\u00e4tes erfolgt innert ca. 2-3 Wochen  Der erste Monat startet erst wenn das Ger\u00e4t bei dir ist  Ger\u00e4te sind in einem Top-Zustand oder neu  100% Funktionsgarantie ist im Mietpreis inbegriffen\" \/>\n<meta property=\"og:url\" content=\"https:\/\/rntl.ch\/fitness\/produkt\/natilus-u628-old\/\" \/>\n<meta property=\"og:site_name\" content=\"RNTL Fitness\" \/>\n<meta property=\"article:modified_time\" content=\"2022-02-16T20:36:18+00:00\" \/>\n<meta property=\"og:image\" content=\"https:\/\/rntl.ch\/fitness\/wp-content\/uploads\/sites\/3\/2020\/04\/nautilus-upright-u628-1-e1585941087120.jpg\" \/>\n\t<meta property=\"og:image:width\" content=\"700\" \/>\n\t<meta property=\"og:image:height\" content=\"700\" \/>\n\t<meta property=\"og:image:type\" content=\"image\/jpeg\" \/>\n<meta name=\"twitter:card\" content=\"summary_large_image\" \/>\n<meta name=\"twitter:label1\" content=\"Gesch\u00e4tzte Lesezeit\" \/>\n\t<meta name=\"twitter:data1\" content=\"1\u00a0Minute\" \/>\n<script type=\"application\/ld+json\" class=\"yoast-schema-graph\">{\"@context\":\"https:\/\/schema.org\",\"@graph\":[{\"@type\":\"WebPage\",\"@id\":\"https:\/\/rntl.ch\/fitness\/produkt\/natilus-u628-old\/\",\"url\":\"https:\/\/rntl.ch\/fitness\/produkt\/natilus-u628-old\/\",\"name\":\"Nautilus U628 Heimtrainer - RNTL Fitness\",\"isPartOf\":{\"@id\":\"https:\/\/rntl.ch\/fitness\/#website\"},\"primaryImageOfPage\":{\"@id\":\"https:\/\/rntl.ch\/fitness\/produkt\/natilus-u628-old\/#primaryimage\"},\"image\":{\"@id\":\"https:\/\/rntl.ch\/fitness\/produkt\/natilus-u628-old\/#primaryimage\"},\"thumbnailUrl\":\"https:\/\/rntl.ch\/fitness\/wp-content\/uploads\/sites\/3\/2020\/04\/nautilus-upright-u628-1-e1585941087120.jpg\",\"datePublished\":\"2020-04-07T11:51:53+00:00\",\"dateModified\":\"2022-02-16T20:36:18+00:00\",\"breadcrumb\":{\"@id\":\"https:\/\/rntl.ch\/fitness\/produkt\/natilus-u628-old\/#breadcrumb\"},\"inLanguage\":\"de\",\"potentialAction\":[{\"@type\":\"ReadAction\",\"target\":[\"https:\/\/rntl.ch\/fitness\/produkt\/natilus-u628-old\/\"]}]},{\"@type\":\"ImageObject\",\"inLanguage\":\"de\",\"@id\":\"https:\/\/rntl.ch\/fitness\/produkt\/natilus-u628-old\/#primaryimage\",\"url\":\"https:\/\/rntl.ch\/fitness\/wp-content\/uploads\/sites\/3\/2020\/04\/nautilus-upright-u628-1-e1585941087120.jpg\",\"contentUrl\":\"https:\/\/rntl.ch\/fitness\/wp-content\/uploads\/sites\/3\/2020\/04\/nautilus-upright-u628-1-e1585941087120.jpg\",\"width\":700,\"height\":700},{\"@type\":\"BreadcrumbList\",\"@id\":\"https:\/\/rntl.ch\/fitness\/produkt\/natilus-u628-old\/#breadcrumb\",\"itemListElement\":[{\"@type\":\"ListItem\",\"position\":1,\"name\":\"Startseite\",\"item\":\"https:\/\/rntl.ch\/fitness\/\"},{\"@type\":\"ListItem\",\"position\":2,\"name\":\"Shop\",\"item\":\"https:\/\/rntl.ch\/fitness\/shop\/\"},{\"@type\":\"ListItem\",\"position\":3,\"name\":\"Nautilus U628 Heimtrainer\"}]},{\"@type\":\"WebSite\",\"@id\":\"https:\/\/rntl.ch\/fitness\/#website\",\"url\":\"https:\/\/rntl.ch\/fitness\/\",\"name\":\"RNTL Fitness\",\"description\":\"Mieten Einfach Anders\",\"publisher\":{\"@id\":\"https:\/\/rntl.ch\/fitness\/#organization\"},\"potentialAction\":[{\"@type\":\"SearchAction\",\"target\":{\"@type\":\"EntryPoint\",\"urlTemplate\":\"https:\/\/rntl.ch\/fitness\/?s={search_term_string}\"},\"query-input\":{\"@type\":\"PropertyValueSpecification\",\"valueRequired\":true,\"valueName\":\"search_term_string\"}}],\"inLanguage\":\"de\"},{\"@type\":\"Organization\",\"@id\":\"https:\/\/rntl.ch\/fitness\/#organization\",\"name\":\"RNTL Fitness\",\"url\":\"https:\/\/rntl.ch\/fitness\/\",\"logo\":{\"@type\":\"ImageObject\",\"inLanguage\":\"de\",\"@id\":\"https:\/\/rntl.ch\/fitness\/#\/schema\/logo\/image\/\",\"url\":\"https:\/\/rntl.ch\/fitness\/wp-content\/uploads\/sites\/3\/2020\/11\/cropped-rntl_logo_white_530x150.png\",\"contentUrl\":\"https:\/\/rntl.ch\/fitness\/wp-content\/uploads\/sites\/3\/2020\/11\/cropped-rntl_logo_white_530x150.png\",\"width\":530,\"height\":150,\"caption\":\"RNTL Fitness\"},\"image\":{\"@id\":\"https:\/\/rntl.ch\/fitness\/#\/schema\/logo\/image\/\"}}]}<\/script>\n<!-- \/ Yoast SEO plugin. -->","yoast_head_json":{"title":"Nautilus U628 Heimtrainer - RNTL Fitness","robots":{"index":"index","follow":"follow","max-snippet":"max-snippet:-1","max-image-preview":"max-image-preview:large","max-video-preview":"max-video-preview:-1"},"canonical":"https:\/\/rntl.ch\/fitness\/produkt\/natilus-u628-old\/","og_locale":"de_DE","og_type":"article","og_title":"Nautilus U628 Heimtrainer - RNTL Fitness","og_description":"Sehr beliebter Hometrainer f\u00fcr REHA zuhause\u00a0   Bei einem Kauf werden die bezahlten Mietraten angerechnet. Kaufpreis Fr 1199.-  Lieferung des montierten Ger\u00e4tes erfolgt innert ca. 2-3 Wochen  Der erste Monat startet erst wenn das Ger\u00e4t bei dir ist  Ger\u00e4te sind in einem Top-Zustand oder neu  100% Funktionsgarantie ist im Mietpreis inbegriffen","og_url":"https:\/\/rntl.ch\/fitness\/produkt\/natilus-u628-old\/","og_site_name":"RNTL Fitness","article_modified_time":"2022-02-16T20:36:18+00:00","og_image":[{"width":700,"height":700,"url":"https:\/\/rntl.ch\/fitness\/wp-content\/uploads\/sites\/3\/2020\/04\/nautilus-upright-u628-1-e1585941087120.jpg","type":"image\/jpeg"}],"twitter_card":"summary_large_image","twitter_misc":{"Gesch\u00e4tzte Lesezeit":"1\u00a0Minute"},"schema":{"@context":"https:\/\/schema.org","@graph":[{"@type":"WebPage","@id":"https:\/\/rntl.ch\/fitness\/produkt\/natilus-u628-old\/","url":"https:\/\/rntl.ch\/fitness\/produkt\/natilus-u628-old\/","name":"Nautilus U628 Heimtrainer - RNTL Fitness","isPartOf":{"@id":"https:\/\/rntl.ch\/fitness\/#website"},"primaryImageOfPage":{"@id":"https:\/\/rntl.ch\/fitness\/produkt\/natilus-u628-old\/#primaryimage"},"image":{"@id":"https:\/\/rntl.ch\/fitness\/produkt\/natilus-u628-old\/#primaryimage"},"thumbnailUrl":"https:\/\/rntl.ch\/fitness\/wp-content\/uploads\/sites\/3\/2020\/04\/nautilus-upright-u628-1-e1585941087120.jpg","datePublished":"2020-04-07T11:51:53+00:00","dateModified":"2022-02-16T20:36:18+00:00","breadcrumb":{"@id":"https:\/\/rntl.ch\/fitness\/produkt\/natilus-u628-old\/#breadcrumb"},"inLanguage":"de","potentialAction":[{"@type":"ReadAction","target":["https:\/\/rntl.ch\/fitness\/produkt\/natilus-u628-old\/"]}]},{"@type":"ImageObject","inLanguage":"de","@id":"https:\/\/rntl.ch\/fitness\/produkt\/natilus-u628-old\/#primaryimage","url":"https:\/\/rntl.ch\/fitness\/wp-content\/uploads\/sites\/3\/2020\/04\/nautilus-upright-u628-1-e1585941087120.jpg","contentUrl":"https:\/\/rntl.ch\/fitness\/wp-content\/uploads\/sites\/3\/2020\/04\/nautilus-upright-u628-1-e1585941087120.jpg","width":700,"height":700},{"@type":"BreadcrumbList","@id":"https:\/\/rntl.ch\/fitness\/produkt\/natilus-u628-old\/#breadcrumb","itemListElement":[{"@type":"ListItem","position":1,"name":"Startseite","item":"https:\/\/rntl.ch\/fitness\/"},{"@type":"ListItem","position":2,"name":"Shop","item":"https:\/\/rntl.ch\/fitness\/shop\/"},{"@type":"ListItem","position":3,"name":"Nautilus U628 Heimtrainer"}]},{"@type":"WebSite","@id":"https:\/\/rntl.ch\/fitness\/#website","url":"https:\/\/rntl.ch\/fitness\/","name":"RNTL Fitness","description":"Mieten Einfach Anders","publisher":{"@id":"https:\/\/rntl.ch\/fitness\/#organization"},"potentialAction":[{"@type":"SearchAction","target":{"@type":"EntryPoint","urlTemplate":"https:\/\/rntl.ch\/fitness\/?s={search_term_string}"},"query-input":{"@type":"PropertyValueSpecification","valueRequired":true,"valueName":"search_term_string"}}],"inLanguage":"de"},{"@type":"Organization","@id":"https:\/\/rntl.ch\/fitness\/#organization","name":"RNTL Fitness","url":"https:\/\/rntl.ch\/fitness\/","logo":{"@type":"ImageObject","inLanguage":"de","@id":"https:\/\/rntl.ch\/fitness\/#\/schema\/logo\/image\/","url":"https:\/\/rntl.ch\/fitness\/wp-content\/uploads\/sites\/3\/2020\/11\/cropped-rntl_logo_white_530x150.png","contentUrl":"https:\/\/rntl.ch\/fitness\/wp-content\/uploads\/sites\/3\/2020\/11\/cropped-rntl_logo_white_530x150.png","width":530,"height":150,"caption":"RNTL Fitness"},"image":{"@id":"https:\/\/rntl.ch\/fitness\/#\/schema\/logo\/image\/"}}]}},"_links":{"self":[{"href":"https:\/\/rntl.ch\/fitness\/wp-json\/wp\/v2\/product\/7171","targetHints":{"allow":["GET"]}}],"collection":[{"href":"https:\/\/rntl.ch\/fitness\/wp-json\/wp\/v2\/product"}],"about":[{"href":"https:\/\/rntl.ch\/fitness\/wp-json\/wp\/v2\/types\/product"}],"version-history":[{"count":0,"href":"https:\/\/rntl.ch\/fitness\/wp-json\/wp\/v2\/product\/7171\/revisions"}],"wp:featuredmedia":[{"embeddable":true,"href":"https:\/\/rntl.ch\/fitness\/wp-json\/wp\/v2\/media\/7172"}],"wp:attachment":[{"href":"https:\/\/rntl.ch\/fitness\/wp-json\/wp\/v2\/media?parent=7171"}],"wp:term":[{"taxonomy":"product_brand","embeddable":true,"href":"https:\/\/rntl.ch\/fitness\/wp-json\/wp\/v2\/product_brand?post=7171"},{"taxonomy":"product_cat","embeddable":true,"href":"https:\/\/rntl.ch\/fitness\/wp-json\/wp\/v2\/product_cat?post=7171"},{"taxonomy":"product_tag","embeddable":true,"href":"https:\/\/rntl.ch\/fitness\/wp-json\/wp\/v2\/product_tag?post=7171"}],"curies":[{"name":"wp","href":"https:\/\/api.w.org\/{rel}","templated":true}]}}