{"id":7256,"date":"2020-04-28T15:33:32","date_gmt":"2020-04-28T15:33:32","guid":{"rendered":"https:\/\/fitness.rntl.ch\/?post_type=product&#038;p=7256"},"modified":"2021-11-09T17:03:31","modified_gmt":"2021-11-09T16:03:31","slug":"nautilus-t628-old","status":"publish","type":"product","link":"https:\/\/rntl.ch\/fitness\/produkt\/nautilus-t628-old\/","title":{"rendered":"Nautilus T628 Laufband"},"content":{"rendered":"<p>Die 3-lagige Laufmatte mit einer St\u00e4rke von 2,5 mm bietet eine Fl\u00e4che von 152 x 50 cm sowie eine sehr gute Federung und schont damit die Gelenke. Das Rebound-D\u00e4mpfungssystem bietet eine gute R\u00fcckmeldung an den L\u00e4ufer, ohne die Gelenke und Muskeln \u00fcberm\u00e4\u00dfig zu belasten.<\/p>\n<p>Die Lauffl\u00e4che ist klappbar und dank Easy-Drop-Mechanik mit wenigen Handgriffen und geringem Kraftaufwand heruntergeklappt. Mit Hilfe der Transportrollen k\u00f6nnen Sie das Laufband auch alleine im Raum bewegen und ggf. in einer Ecke verstauen.<\/p>\n<p>Das Cockpit des Nautilus Laufband T628 kommt sehr massig daher, ist aber sehr aufger\u00e4umt und verf\u00fcgt \u00fcber einige Detaill\u00f6sungen.<\/p>\n<p>Die Handpulssensoren sind zentral angeordnet und gut zu greifen. Ein Brustgurt ist im Lieferumfang enthalten und misst w\u00e4hrend des Trainings durchgehend Ihre Herzfrequenz. \u00dcber die Schnellwahltasten im Handlauf regulieren Sie Tempo und Steigung bequem w\u00e4hrend des Trainings, ohne gro\u00dfe Einstellungen am Cockpit vornehmen zu m\u00fcssen.<\/p>\n<p>Der verstellbare Ventilator, die gro\u00dfz\u00fcgigen Ablagefl\u00e4chen und die Tablet-Halterung sind weitere praktische Detaill\u00f6sungen. Das Nautilus Laufband T628: ein vielseitiges und abwechslungsreiches Laufband Dank Bluetooth-Verbindung k\u00f6nnen Sie mit dem T628 eine Vielzahl von Apps und interaktiven Programmen nutzen. Mit Runsocial k\u00f6nnen Sie Strecken auf der ganzen Welt erleben und gestalten Ihr Training t\u00e4glich neu.<\/p>\n<p>Auf Ihrem Smartphone, Tablet oder auf dem Fernseher, \u00fcber die Bluetooth-Verbindung k\u00f6nnen Sie Ihr Medium frei w\u00e4hlen. Sie k\u00f6nnen sich in der Runsocial-Welt mit Freunden verabreden und gemeinsam die Welt erkunden.<\/p>\n<p><strong>Technische Daten Nautilus Laufband T628:<\/strong><\/p>\n<ul>\n<li>DC-Motor: 3.5 PS-Dauerleistung<\/li>\n<li>Lauffl\u00e4che: 152.4 x 50.8 cm<\/li>\n<li>Laufmatte: zweilagig, 2 mm<\/li>\n<li>Laufdeck: 25 mm , Laufrollen: 70 mm<\/li>\n<li>Geschwindigkeit: 0.8 &#8211; 20 km\/h<\/li>\n<li>Steigung: 0 &#8211; 15 % Trainingscomputer &#8211; Nautilus Laufband T628:<\/li>\n<li>Anzeige: Zeit, Strecke, Geschwindigkeit, Steigung, Pace, Kalorien, Puls<\/li>\n<li>Trainingsprogramme insgesamt: 26<\/li>\n<li>7 Geschwindigkeits-Direktwahltasten 7 Steigungs-Direktwahltasten<\/li>\n<\/ul>\n<p>&nbsp;<\/p>\n<p><strong>Ausstattung &#8211; Nautilus Laufband T628:<\/strong><\/p>\n<ul>\n<li>Herzfrequenzmessung: Handpulssensoren, Brustgurtmessung<\/li>\n<li>Brustgurt zur telemetrischen Herzfrequenzmessung im Lieferumfang enthalten<\/li>\n<li>HRS-Steuerung: Einstellung der Geschwindigkeit und Steigung an den seitlichen Handl\u00e4ufen<\/li>\n<li>Extras: Transportrollen, Ventilator, Inkl. PC-Interface<\/li>\n<li>Leistungs- und durchzugsstarker 3,5-PS-Motor<\/li>\n<li>Intuitives und benutzerfreundliches Cockpit mit LCD-Display<\/li>\n<li>Bluetooth-Schnittstelle zum Verbinden mit Tablet, Smartphone oder Smart-TV<\/li>\n<li>Nutzung diverser Apps, darunter Runsocial, m\u00f6glich<\/li>\n<li>Ablagefach f\u00fcr Handt\u00fccher und Kleinkram<\/li>\n<li>Max. Benutzergewicht\u00a0 160 kg<\/li>\n<li>Aufstellma\u00dfe\u00a0 (L) 197 cm x (B) 89 cm x (H) 146.5 cm<\/li>\n<\/ul>\n","protected":false},"excerpt":{"rendered":"<p>Leistungsstarker Motor, viele Features: das Nautilus Laufband T628 Mit seinem 3,5-PS-Motor ist ein starkes und zuverl\u00e4ssiges Trainingsger\u00e4t. Mit einem maximalen Benutzergewicht von 160 kg ist es sehr robust und bietet auch gro\u00dfen und schweren Nutzern die M\u00f6glichkeit f\u00fcr ein ausgepr\u00e4gtes Training. Kaufpreis 2299.-<\/p>\n<ul>\n<li>Bei einem Kauf werden die bezahlten Mietraten angerechnet<\/li>\n<li>Der erste Monat startet erst wenn das Ger\u00e4t bei dir ist<\/li>\n<li>Ger\u00e4te sind in einem Top-Zustand oder neu<\/li>\n<li>100% Funktionsgarantie ist im Mietpreis inbegriffen<\/li>\n<\/ul>\n","protected":false},"featured_media":7260,"template":"","meta":{"content-type":""},"product_brand":[],"product_cat":[28],"product_tag":[],"class_list":{"0":"post-7256","1":"product","2":"type-product","3":"status-publish","4":"has-post-thumbnail","6":"product_cat-laufbaender","7":"product_shipping_class-schwer","8":"tm-no-options","10":"first","11":"onbackorder","12":"taxable","13":"shipping-taxable","14":"purchasable","15":"product-type-subscription"},"yoast_head":"<!-- This site is optimized with the Yoast SEO plugin v26.3 - https:\/\/yoast.com\/wordpress\/plugins\/seo\/ -->\n<title>Nautilus T628 Laufband - RNTL Fitness<\/title>\n<meta name=\"robots\" content=\"index, follow, max-snippet:-1, max-image-preview:large, max-video-preview:-1\" \/>\n<link rel=\"canonical\" href=\"https:\/\/rntl.ch\/fitness\/produkt\/nautilus-t628-old\/\" \/>\n<meta property=\"og:locale\" content=\"de_DE\" \/>\n<meta property=\"og:type\" content=\"article\" \/>\n<meta property=\"og:title\" content=\"Nautilus T628 Laufband - RNTL Fitness\" \/>\n<meta property=\"og:description\" content=\"Leistungsstarker Motor, viele Features: das Nautilus Laufband T628 Mit seinem 3,5-PS-Motor ist ein starkes und zuverl\u00e4ssiges Trainingsger\u00e4t. Mit einem maximalen Benutzergewicht von 160 kg ist es sehr robust und bietet auch gro\u00dfen und schweren Nutzern die M\u00f6glichkeit f\u00fcr ein ausgepr\u00e4gtes Training. Kaufpreis 2299.-   Bei einem Kauf werden die bezahlten Mietraten angerechnet  Der erste Monat startet erst wenn das Ger\u00e4t bei dir ist  Ger\u00e4te sind in einem Top-Zustand oder neu  100% Funktionsgarantie ist im Mietpreis inbegriffen\" \/>\n<meta property=\"og:url\" content=\"https:\/\/rntl.ch\/fitness\/produkt\/nautilus-t628-old\/\" \/>\n<meta property=\"og:site_name\" content=\"RNTL Fitness\" \/>\n<meta property=\"article:modified_time\" content=\"2021-11-09T16:03:31+00:00\" \/>\n<meta property=\"og:image\" content=\"https:\/\/rntl.ch\/fitness\/wp-content\/uploads\/sites\/3\/2020\/04\/T628-BLACK-ROTATION-135-e1588141257315.png\" \/>\n\t<meta property=\"og:image:width\" content=\"2000\" \/>\n\t<meta property=\"og:image:height\" content=\"1242\" \/>\n\t<meta property=\"og:image:type\" content=\"image\/png\" \/>\n<meta name=\"twitter:card\" content=\"summary_large_image\" \/>\n<meta name=\"twitter:label1\" content=\"Gesch\u00e4tzte Lesezeit\" \/>\n\t<meta name=\"twitter:data1\" content=\"2\u00a0Minuten\" \/>\n<script type=\"application\/ld+json\" class=\"yoast-schema-graph\">{\"@context\":\"https:\/\/schema.org\",\"@graph\":[{\"@type\":\"WebPage\",\"@id\":\"https:\/\/rntl.ch\/fitness\/produkt\/nautilus-t628-old\/\",\"url\":\"https:\/\/rntl.ch\/fitness\/produkt\/nautilus-t628-old\/\",\"name\":\"Nautilus T628 Laufband - RNTL Fitness\",\"isPartOf\":{\"@id\":\"https:\/\/rntl.ch\/fitness\/#website\"},\"primaryImageOfPage\":{\"@id\":\"https:\/\/rntl.ch\/fitness\/produkt\/nautilus-t628-old\/#primaryimage\"},\"image\":{\"@id\":\"https:\/\/rntl.ch\/fitness\/produkt\/nautilus-t628-old\/#primaryimage\"},\"thumbnailUrl\":\"https:\/\/rntl.ch\/fitness\/wp-content\/uploads\/sites\/3\/2020\/04\/T628-BLACK-ROTATION-135-e1588141257315.png\",\"datePublished\":\"2020-04-28T15:33:32+00:00\",\"dateModified\":\"2021-11-09T16:03:31+00:00\",\"breadcrumb\":{\"@id\":\"https:\/\/rntl.ch\/fitness\/produkt\/nautilus-t628-old\/#breadcrumb\"},\"inLanguage\":\"de\",\"potentialAction\":[{\"@type\":\"ReadAction\",\"target\":[\"https:\/\/rntl.ch\/fitness\/produkt\/nautilus-t628-old\/\"]}]},{\"@type\":\"ImageObject\",\"inLanguage\":\"de\",\"@id\":\"https:\/\/rntl.ch\/fitness\/produkt\/nautilus-t628-old\/#primaryimage\",\"url\":\"https:\/\/rntl.ch\/fitness\/wp-content\/uploads\/sites\/3\/2020\/04\/T628-BLACK-ROTATION-135-e1588141257315.png\",\"contentUrl\":\"https:\/\/rntl.ch\/fitness\/wp-content\/uploads\/sites\/3\/2020\/04\/T628-BLACK-ROTATION-135-e1588141257315.png\",\"width\":2000,\"height\":1242},{\"@type\":\"BreadcrumbList\",\"@id\":\"https:\/\/rntl.ch\/fitness\/produkt\/nautilus-t628-old\/#breadcrumb\",\"itemListElement\":[{\"@type\":\"ListItem\",\"position\":1,\"name\":\"Startseite\",\"item\":\"https:\/\/rntl.ch\/fitness\/\"},{\"@type\":\"ListItem\",\"position\":2,\"name\":\"Shop\",\"item\":\"https:\/\/rntl.ch\/fitness\/shop\/\"},{\"@type\":\"ListItem\",\"position\":3,\"name\":\"Nautilus T628 Laufband\"}]},{\"@type\":\"WebSite\",\"@id\":\"https:\/\/rntl.ch\/fitness\/#website\",\"url\":\"https:\/\/rntl.ch\/fitness\/\",\"name\":\"RNTL Fitness\",\"description\":\"Mieten Einfach Anders\",\"publisher\":{\"@id\":\"https:\/\/rntl.ch\/fitness\/#organization\"},\"potentialAction\":[{\"@type\":\"SearchAction\",\"target\":{\"@type\":\"EntryPoint\",\"urlTemplate\":\"https:\/\/rntl.ch\/fitness\/?s={search_term_string}\"},\"query-input\":{\"@type\":\"PropertyValueSpecification\",\"valueRequired\":true,\"valueName\":\"search_term_string\"}}],\"inLanguage\":\"de\"},{\"@type\":\"Organization\",\"@id\":\"https:\/\/rntl.ch\/fitness\/#organization\",\"name\":\"RNTL Fitness\",\"url\":\"https:\/\/rntl.ch\/fitness\/\",\"logo\":{\"@type\":\"ImageObject\",\"inLanguage\":\"de\",\"@id\":\"https:\/\/rntl.ch\/fitness\/#\/schema\/logo\/image\/\",\"url\":\"https:\/\/rntl.ch\/fitness\/wp-content\/uploads\/sites\/3\/2020\/11\/cropped-rntl_logo_white_530x150.png\",\"contentUrl\":\"https:\/\/rntl.ch\/fitness\/wp-content\/uploads\/sites\/3\/2020\/11\/cropped-rntl_logo_white_530x150.png\",\"width\":530,\"height\":150,\"caption\":\"RNTL Fitness\"},\"image\":{\"@id\":\"https:\/\/rntl.ch\/fitness\/#\/schema\/logo\/image\/\"}}]}<\/script>\n<!-- \/ Yoast SEO plugin. -->","yoast_head_json":{"title":"Nautilus T628 Laufband - RNTL Fitness","robots":{"index":"index","follow":"follow","max-snippet":"max-snippet:-1","max-image-preview":"max-image-preview:large","max-video-preview":"max-video-preview:-1"},"canonical":"https:\/\/rntl.ch\/fitness\/produkt\/nautilus-t628-old\/","og_locale":"de_DE","og_type":"article","og_title":"Nautilus T628 Laufband - RNTL Fitness","og_description":"Leistungsstarker Motor, viele Features: das Nautilus Laufband T628 Mit seinem 3,5-PS-Motor ist ein starkes und zuverl\u00e4ssiges Trainingsger\u00e4t. Mit einem maximalen Benutzergewicht von 160 kg ist es sehr robust und bietet auch gro\u00dfen und schweren Nutzern die M\u00f6glichkeit f\u00fcr ein ausgepr\u00e4gtes Training. Kaufpreis 2299.-   Bei einem Kauf werden die bezahlten Mietraten angerechnet  Der erste Monat startet erst wenn das Ger\u00e4t bei dir ist  Ger\u00e4te sind in einem Top-Zustand oder neu  100% Funktionsgarantie ist im Mietpreis inbegriffen","og_url":"https:\/\/rntl.ch\/fitness\/produkt\/nautilus-t628-old\/","og_site_name":"RNTL Fitness","article_modified_time":"2021-11-09T16:03:31+00:00","og_image":[{"width":2000,"height":1242,"url":"https:\/\/rntl.ch\/fitness\/wp-content\/uploads\/sites\/3\/2020\/04\/T628-BLACK-ROTATION-135-e1588141257315.png","type":"image\/png"}],"twitter_card":"summary_large_image","twitter_misc":{"Gesch\u00e4tzte Lesezeit":"2\u00a0Minuten"},"schema":{"@context":"https:\/\/schema.org","@graph":[{"@type":"WebPage","@id":"https:\/\/rntl.ch\/fitness\/produkt\/nautilus-t628-old\/","url":"https:\/\/rntl.ch\/fitness\/produkt\/nautilus-t628-old\/","name":"Nautilus T628 Laufband - RNTL Fitness","isPartOf":{"@id":"https:\/\/rntl.ch\/fitness\/#website"},"primaryImageOfPage":{"@id":"https:\/\/rntl.ch\/fitness\/produkt\/nautilus-t628-old\/#primaryimage"},"image":{"@id":"https:\/\/rntl.ch\/fitness\/produkt\/nautilus-t628-old\/#primaryimage"},"thumbnailUrl":"https:\/\/rntl.ch\/fitness\/wp-content\/uploads\/sites\/3\/2020\/04\/T628-BLACK-ROTATION-135-e1588141257315.png","datePublished":"2020-04-28T15:33:32+00:00","dateModified":"2021-11-09T16:03:31+00:00","breadcrumb":{"@id":"https:\/\/rntl.ch\/fitness\/produkt\/nautilus-t628-old\/#breadcrumb"},"inLanguage":"de","potentialAction":[{"@type":"ReadAction","target":["https:\/\/rntl.ch\/fitness\/produkt\/nautilus-t628-old\/"]}]},{"@type":"ImageObject","inLanguage":"de","@id":"https:\/\/rntl.ch\/fitness\/produkt\/nautilus-t628-old\/#primaryimage","url":"https:\/\/rntl.ch\/fitness\/wp-content\/uploads\/sites\/3\/2020\/04\/T628-BLACK-ROTATION-135-e1588141257315.png","contentUrl":"https:\/\/rntl.ch\/fitness\/wp-content\/uploads\/sites\/3\/2020\/04\/T628-BLACK-ROTATION-135-e1588141257315.png","width":2000,"height":1242},{"@type":"BreadcrumbList","@id":"https:\/\/rntl.ch\/fitness\/produkt\/nautilus-t628-old\/#breadcrumb","itemListElement":[{"@type":"ListItem","position":1,"name":"Startseite","item":"https:\/\/rntl.ch\/fitness\/"},{"@type":"ListItem","position":2,"name":"Shop","item":"https:\/\/rntl.ch\/fitness\/shop\/"},{"@type":"ListItem","position":3,"name":"Nautilus T628 Laufband"}]},{"@type":"WebSite","@id":"https:\/\/rntl.ch\/fitness\/#website","url":"https:\/\/rntl.ch\/fitness\/","name":"RNTL Fitness","description":"Mieten Einfach Anders","publisher":{"@id":"https:\/\/rntl.ch\/fitness\/#organization"},"potentialAction":[{"@type":"SearchAction","target":{"@type":"EntryPoint","urlTemplate":"https:\/\/rntl.ch\/fitness\/?s={search_term_string}"},"query-input":{"@type":"PropertyValueSpecification","valueRequired":true,"valueName":"search_term_string"}}],"inLanguage":"de"},{"@type":"Organization","@id":"https:\/\/rntl.ch\/fitness\/#organization","name":"RNTL Fitness","url":"https:\/\/rntl.ch\/fitness\/","logo":{"@type":"ImageObject","inLanguage":"de","@id":"https:\/\/rntl.ch\/fitness\/#\/schema\/logo\/image\/","url":"https:\/\/rntl.ch\/fitness\/wp-content\/uploads\/sites\/3\/2020\/11\/cropped-rntl_logo_white_530x150.png","contentUrl":"https:\/\/rntl.ch\/fitness\/wp-content\/uploads\/sites\/3\/2020\/11\/cropped-rntl_logo_white_530x150.png","width":530,"height":150,"caption":"RNTL Fitness"},"image":{"@id":"https:\/\/rntl.ch\/fitness\/#\/schema\/logo\/image\/"}}]}},"_links":{"self":[{"href":"https:\/\/rntl.ch\/fitness\/wp-json\/wp\/v2\/product\/7256","targetHints":{"allow":["GET"]}}],"collection":[{"href":"https:\/\/rntl.ch\/fitness\/wp-json\/wp\/v2\/product"}],"about":[{"href":"https:\/\/rntl.ch\/fitness\/wp-json\/wp\/v2\/types\/product"}],"version-history":[{"count":0,"href":"https:\/\/rntl.ch\/fitness\/wp-json\/wp\/v2\/product\/7256\/revisions"}],"wp:featuredmedia":[{"embeddable":true,"href":"https:\/\/rntl.ch\/fitness\/wp-json\/wp\/v2\/media\/7260"}],"wp:attachment":[{"href":"https:\/\/rntl.ch\/fitness\/wp-json\/wp\/v2\/media?parent=7256"}],"wp:term":[{"taxonomy":"product_brand","embeddable":true,"href":"https:\/\/rntl.ch\/fitness\/wp-json\/wp\/v2\/product_brand?post=7256"},{"taxonomy":"product_cat","embeddable":true,"href":"https:\/\/rntl.ch\/fitness\/wp-json\/wp\/v2\/product_cat?post=7256"},{"taxonomy":"product_tag","embeddable":true,"href":"https:\/\/rntl.ch\/fitness\/wp-json\/wp\/v2\/product_tag?post=7256"}],"curies":[{"name":"wp","href":"https:\/\/api.w.org\/{rel}","templated":true}]}}