{"id":7262,"date":"2020-04-29T08:18:48","date_gmt":"2020-04-29T06:18:48","guid":{"rendered":"https:\/\/fitness.rntl.ch\/?post_type=product&#038;p=7262"},"modified":"2024-01-23T11:26:07","modified_gmt":"2024-01-23T10:26:07","slug":"kettler-s2","status":"publish","type":"product","link":"https:\/\/rntl.ch\/fitness\/produkt\/kettler-s2\/","title":{"rendered":"Kettler S2 Laufband"},"content":{"rendered":"<p><strong>Produkt-Highlights:<\/strong><\/p>\n<ul>\n<li>Ausgestattet mit Kettler \u201aEnergy Deck\u2018: Lagerung der Lauffl\u00e4che auf Energy Elementen f\u00fcr einen agileren Laufstil durch Energier\u00fcckf\u00fchrung<\/li>\n<li>Verbindungsm\u00f6glichkeit zu Sport APPs (z.B. KETTMaps), Sportuhren und Herzfrequenzmessern<\/li>\n<li>Konfigurierbarer Trainingsbildschirm f\u00fcr den individuell gew\u00fcnschten Datenumfang<\/li>\n<\/ul>\n<p><strong>Leistungsdaten:<\/strong><\/p>\n<ul>\n<li>Leistungsstarker DC Motor mit 2,0 PS Dauerleistung<\/li>\n<li>Geschwindigkeit: 1-16 km\/h (in 0,1 km\/h-Schritten)<\/li>\n<li>Steigung: 0-12 % motorisch verstellbar (in 1,0 % Schritten)<\/li>\n<li>Gr\u00f6\u00dfe der Lauffl\u00e4che: 130 x 44 cm<\/li>\n<\/ul>\n<p><strong>Weitere Ausstattung:<\/strong><\/p>\n<ul>\n<li>Lautsprecher, Ventilator, Tablethalterung, Halterung f\u00fcr Sportuhren<\/li>\n<li>Zusatztaster an den Handl\u00e4ufen f\u00fcr Regulierung von Geschwindigkeit und Steigung<\/li>\n<li>Zwei Ablagef\u00e4cher aus Softmaterial f\u00fcr Trinkflaschen und Utensilien<\/li>\n<li>Hochstellbare Lauffl\u00e4che mit Soft-Drop-Mechanismus<\/li>\n<li>Transportrollen, H\u00f6henausgleich, Not-Stop-Mechanismus mit Sicherungsclip<\/li>\n<\/ul>\n<p><strong>Aufstellma\u00dfe:<\/strong><\/p>\n<ul>\n<li>L \/ B \/ H (in cm): 175,5 x 77 x 140, hochgestellt: 119 x 77 x 141,5 cm<\/li>\n<li>maximale Gewichtsbelastung: 120 kg<\/li>\n<\/ul>\n","protected":false},"excerpt":{"rendered":"<p>Ausgestattet mit Kettler Energy Deck f\u00fcr ein optimales Laufgef\u00fchl. Neupreis 1399.-<\/p>\n<ul>\n<li>Bei einem Kauf werden die bezahlten Mietraten angerechnet<\/li>\n<li>Der erste Monat startet erst wenn das Ger\u00e4t bei dir ist<\/li>\n<li>Ger\u00e4te sind in einem Top-Zustand oder neu<\/li>\n<li>100% Funktionsgarantie ist im Mietpreis inbegriffen<\/li>\n<\/ul>\n","protected":false},"featured_media":7268,"template":"","meta":{"content-type":""},"product_brand":[],"product_cat":[28],"product_tag":[],"class_list":{"0":"post-7262","1":"product","2":"type-product","3":"status-publish","4":"has-post-thumbnail","6":"product_cat-laufbaender","7":"product_shipping_class-mittel","8":"tm-no-options","10":"first","11":"instock","12":"taxable","13":"shipping-taxable","14":"purchasable","15":"product-type-subscription"},"yoast_head":"<!-- This site is optimized with the Yoast SEO plugin v26.3 - https:\/\/yoast.com\/wordpress\/plugins\/seo\/ -->\n<title>Kettler S2 Laufband - RNTL Fitness<\/title>\n<meta name=\"robots\" content=\"index, follow, max-snippet:-1, max-image-preview:large, max-video-preview:-1\" \/>\n<link rel=\"canonical\" href=\"https:\/\/rntl.ch\/fitness\/produkt\/kettler-s2\/\" \/>\n<meta property=\"og:locale\" content=\"de_DE\" \/>\n<meta property=\"og:type\" content=\"article\" \/>\n<meta property=\"og:title\" content=\"Kettler S2 Laufband - RNTL Fitness\" \/>\n<meta property=\"og:description\" content=\"Ausgestattet mit Kettler Energy Deck f\u00fcr ein optimales Laufgef\u00fchl. Neupreis 1399.-   Bei einem Kauf werden die bezahlten Mietraten angerechnet  Der erste Monat startet erst wenn das Ger\u00e4t bei dir ist  Ger\u00e4te sind in einem Top-Zustand oder neu  100% Funktionsgarantie ist im Mietpreis inbegriffen\" \/>\n<meta property=\"og:url\" content=\"https:\/\/rntl.ch\/fitness\/produkt\/kettler-s2\/\" \/>\n<meta property=\"og:site_name\" content=\"RNTL Fitness\" \/>\n<meta property=\"article:modified_time\" content=\"2024-01-23T10:26:07+00:00\" \/>\n<meta property=\"og:image\" content=\"https:\/\/rntl.ch\/fitness\/wp-content\/uploads\/sites\/3\/2020\/04\/07886-200_Kettler_Track_S2.jpeg\" \/>\n\t<meta property=\"og:image:width\" content=\"2750\" \/>\n\t<meta property=\"og:image:height\" content=\"3410\" \/>\n\t<meta property=\"og:image:type\" content=\"image\/jpeg\" \/>\n<meta name=\"twitter:card\" content=\"summary_large_image\" \/>\n<meta name=\"twitter:label1\" content=\"Gesch\u00e4tzte Lesezeit\" \/>\n\t<meta name=\"twitter:data1\" content=\"1\u00a0Minute\" \/>\n<script type=\"application\/ld+json\" class=\"yoast-schema-graph\">{\"@context\":\"https:\/\/schema.org\",\"@graph\":[{\"@type\":\"WebPage\",\"@id\":\"https:\/\/rntl.ch\/fitness\/produkt\/kettler-s2\/\",\"url\":\"https:\/\/rntl.ch\/fitness\/produkt\/kettler-s2\/\",\"name\":\"Kettler S2 Laufband - RNTL Fitness\",\"isPartOf\":{\"@id\":\"https:\/\/rntl.ch\/fitness\/#website\"},\"primaryImageOfPage\":{\"@id\":\"https:\/\/rntl.ch\/fitness\/produkt\/kettler-s2\/#primaryimage\"},\"image\":{\"@id\":\"https:\/\/rntl.ch\/fitness\/produkt\/kettler-s2\/#primaryimage\"},\"thumbnailUrl\":\"https:\/\/rntl.ch\/fitness\/wp-content\/uploads\/sites\/3\/2020\/04\/07886-200_Kettler_Track_S2.jpeg\",\"datePublished\":\"2020-04-29T06:18:48+00:00\",\"dateModified\":\"2024-01-23T10:26:07+00:00\",\"breadcrumb\":{\"@id\":\"https:\/\/rntl.ch\/fitness\/produkt\/kettler-s2\/#breadcrumb\"},\"inLanguage\":\"de\",\"potentialAction\":[{\"@type\":\"ReadAction\",\"target\":[\"https:\/\/rntl.ch\/fitness\/produkt\/kettler-s2\/\"]}]},{\"@type\":\"ImageObject\",\"inLanguage\":\"de\",\"@id\":\"https:\/\/rntl.ch\/fitness\/produkt\/kettler-s2\/#primaryimage\",\"url\":\"https:\/\/rntl.ch\/fitness\/wp-content\/uploads\/sites\/3\/2020\/04\/07886-200_Kettler_Track_S2.jpeg\",\"contentUrl\":\"https:\/\/rntl.ch\/fitness\/wp-content\/uploads\/sites\/3\/2020\/04\/07886-200_Kettler_Track_S2.jpeg\",\"width\":2750,\"height\":3410},{\"@type\":\"BreadcrumbList\",\"@id\":\"https:\/\/rntl.ch\/fitness\/produkt\/kettler-s2\/#breadcrumb\",\"itemListElement\":[{\"@type\":\"ListItem\",\"position\":1,\"name\":\"Startseite\",\"item\":\"https:\/\/rntl.ch\/fitness\/\"},{\"@type\":\"ListItem\",\"position\":2,\"name\":\"Shop\",\"item\":\"https:\/\/rntl.ch\/fitness\/shop\/\"},{\"@type\":\"ListItem\",\"position\":3,\"name\":\"Kettler S2 Laufband\"}]},{\"@type\":\"WebSite\",\"@id\":\"https:\/\/rntl.ch\/fitness\/#website\",\"url\":\"https:\/\/rntl.ch\/fitness\/\",\"name\":\"RNTL Fitness\",\"description\":\"Mieten Einfach Anders\",\"publisher\":{\"@id\":\"https:\/\/rntl.ch\/fitness\/#organization\"},\"potentialAction\":[{\"@type\":\"SearchAction\",\"target\":{\"@type\":\"EntryPoint\",\"urlTemplate\":\"https:\/\/rntl.ch\/fitness\/?s={search_term_string}\"},\"query-input\":{\"@type\":\"PropertyValueSpecification\",\"valueRequired\":true,\"valueName\":\"search_term_string\"}}],\"inLanguage\":\"de\"},{\"@type\":\"Organization\",\"@id\":\"https:\/\/rntl.ch\/fitness\/#organization\",\"name\":\"RNTL Fitness\",\"url\":\"https:\/\/rntl.ch\/fitness\/\",\"logo\":{\"@type\":\"ImageObject\",\"inLanguage\":\"de\",\"@id\":\"https:\/\/rntl.ch\/fitness\/#\/schema\/logo\/image\/\",\"url\":\"https:\/\/rntl.ch\/fitness\/wp-content\/uploads\/sites\/3\/2020\/11\/cropped-rntl_logo_white_530x150.png\",\"contentUrl\":\"https:\/\/rntl.ch\/fitness\/wp-content\/uploads\/sites\/3\/2020\/11\/cropped-rntl_logo_white_530x150.png\",\"width\":530,\"height\":150,\"caption\":\"RNTL Fitness\"},\"image\":{\"@id\":\"https:\/\/rntl.ch\/fitness\/#\/schema\/logo\/image\/\"}}]}<\/script>\n<!-- \/ Yoast SEO plugin. -->","yoast_head_json":{"title":"Kettler S2 Laufband - RNTL Fitness","robots":{"index":"index","follow":"follow","max-snippet":"max-snippet:-1","max-image-preview":"max-image-preview:large","max-video-preview":"max-video-preview:-1"},"canonical":"https:\/\/rntl.ch\/fitness\/produkt\/kettler-s2\/","og_locale":"de_DE","og_type":"article","og_title":"Kettler S2 Laufband - RNTL Fitness","og_description":"Ausgestattet mit Kettler Energy Deck f\u00fcr ein optimales Laufgef\u00fchl. Neupreis 1399.-   Bei einem Kauf werden die bezahlten Mietraten angerechnet  Der erste Monat startet erst wenn das Ger\u00e4t bei dir ist  Ger\u00e4te sind in einem Top-Zustand oder neu  100% Funktionsgarantie ist im Mietpreis inbegriffen","og_url":"https:\/\/rntl.ch\/fitness\/produkt\/kettler-s2\/","og_site_name":"RNTL Fitness","article_modified_time":"2024-01-23T10:26:07+00:00","og_image":[{"width":2750,"height":3410,"url":"https:\/\/rntl.ch\/fitness\/wp-content\/uploads\/sites\/3\/2020\/04\/07886-200_Kettler_Track_S2.jpeg","type":"image\/jpeg"}],"twitter_card":"summary_large_image","twitter_misc":{"Gesch\u00e4tzte Lesezeit":"1\u00a0Minute"},"schema":{"@context":"https:\/\/schema.org","@graph":[{"@type":"WebPage","@id":"https:\/\/rntl.ch\/fitness\/produkt\/kettler-s2\/","url":"https:\/\/rntl.ch\/fitness\/produkt\/kettler-s2\/","name":"Kettler S2 Laufband - RNTL Fitness","isPartOf":{"@id":"https:\/\/rntl.ch\/fitness\/#website"},"primaryImageOfPage":{"@id":"https:\/\/rntl.ch\/fitness\/produkt\/kettler-s2\/#primaryimage"},"image":{"@id":"https:\/\/rntl.ch\/fitness\/produkt\/kettler-s2\/#primaryimage"},"thumbnailUrl":"https:\/\/rntl.ch\/fitness\/wp-content\/uploads\/sites\/3\/2020\/04\/07886-200_Kettler_Track_S2.jpeg","datePublished":"2020-04-29T06:18:48+00:00","dateModified":"2024-01-23T10:26:07+00:00","breadcrumb":{"@id":"https:\/\/rntl.ch\/fitness\/produkt\/kettler-s2\/#breadcrumb"},"inLanguage":"de","potentialAction":[{"@type":"ReadAction","target":["https:\/\/rntl.ch\/fitness\/produkt\/kettler-s2\/"]}]},{"@type":"ImageObject","inLanguage":"de","@id":"https:\/\/rntl.ch\/fitness\/produkt\/kettler-s2\/#primaryimage","url":"https:\/\/rntl.ch\/fitness\/wp-content\/uploads\/sites\/3\/2020\/04\/07886-200_Kettler_Track_S2.jpeg","contentUrl":"https:\/\/rntl.ch\/fitness\/wp-content\/uploads\/sites\/3\/2020\/04\/07886-200_Kettler_Track_S2.jpeg","width":2750,"height":3410},{"@type":"BreadcrumbList","@id":"https:\/\/rntl.ch\/fitness\/produkt\/kettler-s2\/#breadcrumb","itemListElement":[{"@type":"ListItem","position":1,"name":"Startseite","item":"https:\/\/rntl.ch\/fitness\/"},{"@type":"ListItem","position":2,"name":"Shop","item":"https:\/\/rntl.ch\/fitness\/shop\/"},{"@type":"ListItem","position":3,"name":"Kettler S2 Laufband"}]},{"@type":"WebSite","@id":"https:\/\/rntl.ch\/fitness\/#website","url":"https:\/\/rntl.ch\/fitness\/","name":"RNTL Fitness","description":"Mieten Einfach Anders","publisher":{"@id":"https:\/\/rntl.ch\/fitness\/#organization"},"potentialAction":[{"@type":"SearchAction","target":{"@type":"EntryPoint","urlTemplate":"https:\/\/rntl.ch\/fitness\/?s={search_term_string}"},"query-input":{"@type":"PropertyValueSpecification","valueRequired":true,"valueName":"search_term_string"}}],"inLanguage":"de"},{"@type":"Organization","@id":"https:\/\/rntl.ch\/fitness\/#organization","name":"RNTL Fitness","url":"https:\/\/rntl.ch\/fitness\/","logo":{"@type":"ImageObject","inLanguage":"de","@id":"https:\/\/rntl.ch\/fitness\/#\/schema\/logo\/image\/","url":"https:\/\/rntl.ch\/fitness\/wp-content\/uploads\/sites\/3\/2020\/11\/cropped-rntl_logo_white_530x150.png","contentUrl":"https:\/\/rntl.ch\/fitness\/wp-content\/uploads\/sites\/3\/2020\/11\/cropped-rntl_logo_white_530x150.png","width":530,"height":150,"caption":"RNTL Fitness"},"image":{"@id":"https:\/\/rntl.ch\/fitness\/#\/schema\/logo\/image\/"}}]}},"_links":{"self":[{"href":"https:\/\/rntl.ch\/fitness\/wp-json\/wp\/v2\/product\/7262","targetHints":{"allow":["GET"]}}],"collection":[{"href":"https:\/\/rntl.ch\/fitness\/wp-json\/wp\/v2\/product"}],"about":[{"href":"https:\/\/rntl.ch\/fitness\/wp-json\/wp\/v2\/types\/product"}],"version-history":[{"count":0,"href":"https:\/\/rntl.ch\/fitness\/wp-json\/wp\/v2\/product\/7262\/revisions"}],"wp:featuredmedia":[{"embeddable":true,"href":"https:\/\/rntl.ch\/fitness\/wp-json\/wp\/v2\/media\/7268"}],"wp:attachment":[{"href":"https:\/\/rntl.ch\/fitness\/wp-json\/wp\/v2\/media?parent=7262"}],"wp:term":[{"taxonomy":"product_brand","embeddable":true,"href":"https:\/\/rntl.ch\/fitness\/wp-json\/wp\/v2\/product_brand?post=7262"},{"taxonomy":"product_cat","embeddable":true,"href":"https:\/\/rntl.ch\/fitness\/wp-json\/wp\/v2\/product_cat?post=7262"},{"taxonomy":"product_tag","embeddable":true,"href":"https:\/\/rntl.ch\/fitness\/wp-json\/wp\/v2\/product_tag?post=7262"}],"curies":[{"name":"wp","href":"https:\/\/api.w.org\/{rel}","templated":true}]}}