{"id":7813,"date":"2020-07-06T09:47:12","date_gmt":"2020-07-06T09:47:12","guid":{"rendered":"https:\/\/rntl.ch\/fitness\/?post_type=product&#038;p=7813"},"modified":"2023-10-12T17:18:33","modified_gmt":"2023-10-12T15:18:33","slug":"rueckgabe-equipment-schwer","status":"publish","type":"product","link":"https:\/\/rntl.ch\/fitness\/produkt\/rueckgabe-equipment-schwer\/","title":{"rendered":"R\u00fcckgabe: Schweres Fitness-Equipment"},"content":{"rendered":"<p>Dieser Auftrag ist f\u00fcr schweres Fitness-Equipment: Laufb\u00e4nder, grosse Crosstrianer (Frontwheeler) und kleinere Kraftstationen.<br \/>\nWie du die richtige Kategorie findest, zeigen wir dir <a href=\"\/fitness\/wie-funktionierts\/#process_5\">hier<\/a>.<\/p>\n","protected":false},"excerpt":{"rendered":"<p>Hiermit beantragst du die K\u00fcndigung deines\/r Abos und bestellst den R\u00fccktransport.<br \/>\n<b>WICHTIG:<\/b> Wie du die richtige Kategorie findest, zeigen wir dir <a href=\"\/fitness\/wie-funktionierts\/#process_5\">hier<\/a>.<br \/>\nDen R\u00fcckgabetermin kannst du beim Absenden der Bestellung definieren.<\/p>\n<p>Dieser Auftrag ist f\u00fcr schweres Fitness-Equipment: Laufb\u00e4nder, grosse Crosstrainer (Frontwheeler) und kleinere Kraftstationen.<\/p>\n","protected":false},"featured_media":7980,"template":"","meta":{"content-type":""},"product_brand":[],"product_cat":[53],"product_tag":[112],"class_list":{"0":"post-7813","1":"product","2":"type-product","3":"status-publish","4":"has-post-thumbnail","6":"product_cat-rueckgabe","7":"product_tag-mieten","8":"product_shipping_class-schwer","9":"tm-no-options","11":"first","12":"instock","13":"taxable","14":"shipping-taxable","15":"purchasable","16":"product-type-simple"},"yoast_head":"<!-- This site is optimized with the Yoast SEO plugin v26.3 - https:\/\/yoast.com\/wordpress\/plugins\/seo\/ -->\n<title>R\u00fcckgabe: Schweres Fitness-Equipment - RNTL Fitness<\/title>\n<meta name=\"robots\" content=\"index, follow, max-snippet:-1, max-image-preview:large, max-video-preview:-1\" \/>\n<link rel=\"canonical\" href=\"https:\/\/rntl.ch\/fitness\/produkt\/rueckgabe-equipment-schwer\/\" \/>\n<meta property=\"og:locale\" content=\"de_DE\" \/>\n<meta property=\"og:type\" content=\"article\" \/>\n<meta property=\"og:title\" content=\"R\u00fcckgabe: Schweres Fitness-Equipment - RNTL Fitness\" \/>\n<meta property=\"og:description\" content=\"Hiermit beantragst du die K\u00fcndigung deines\/r Abos und bestellst den R\u00fccktransport. WICHTIG: Wie du die richtige Kategorie findest, zeigen wir dir hier. Den R\u00fcckgabetermin kannst du beim Absenden der Bestellung definieren.  Dieser Auftrag ist f\u00fcr schweres Fitness-Equipment: Laufb\u00e4nder, grosse Crosstrainer (Frontwheeler) und kleinere Kraftstationen.\" \/>\n<meta property=\"og:url\" content=\"https:\/\/rntl.ch\/fitness\/produkt\/rueckgabe-equipment-schwer\/\" \/>\n<meta property=\"og:site_name\" content=\"RNTL Fitness\" \/>\n<meta property=\"article:modified_time\" content=\"2023-10-12T15:18:33+00:00\" \/>\n<meta property=\"og:image\" content=\"https:\/\/rntl.ch\/fitness\/wp-content\/uploads\/sites\/3\/2020\/07\/heavy-equipment-wood_yellow-e1597779782743.png\" \/>\n\t<meta property=\"og:image:width\" content=\"1300\" \/>\n\t<meta property=\"og:image:height\" content=\"1300\" \/>\n\t<meta property=\"og:image:type\" content=\"image\/png\" \/>\n<meta name=\"twitter:card\" content=\"summary_large_image\" \/>\n<script type=\"application\/ld+json\" class=\"yoast-schema-graph\">{\"@context\":\"https:\/\/schema.org\",\"@graph\":[{\"@type\":\"WebPage\",\"@id\":\"https:\/\/rntl.ch\/fitness\/produkt\/rueckgabe-equipment-schwer\/\",\"url\":\"https:\/\/rntl.ch\/fitness\/produkt\/rueckgabe-equipment-schwer\/\",\"name\":\"R\u00fcckgabe: Schweres Fitness-Equipment - RNTL Fitness\",\"isPartOf\":{\"@id\":\"https:\/\/rntl.ch\/fitness\/#website\"},\"primaryImageOfPage\":{\"@id\":\"https:\/\/rntl.ch\/fitness\/produkt\/rueckgabe-equipment-schwer\/#primaryimage\"},\"image\":{\"@id\":\"https:\/\/rntl.ch\/fitness\/produkt\/rueckgabe-equipment-schwer\/#primaryimage\"},\"thumbnailUrl\":\"https:\/\/rntl.ch\/fitness\/wp-content\/uploads\/sites\/3\/2020\/07\/heavy-equipment-wood_yellow-e1597779782743.png\",\"datePublished\":\"2020-07-06T09:47:12+00:00\",\"dateModified\":\"2023-10-12T15:18:33+00:00\",\"breadcrumb\":{\"@id\":\"https:\/\/rntl.ch\/fitness\/produkt\/rueckgabe-equipment-schwer\/#breadcrumb\"},\"inLanguage\":\"de\",\"potentialAction\":[{\"@type\":\"ReadAction\",\"target\":[\"https:\/\/rntl.ch\/fitness\/produkt\/rueckgabe-equipment-schwer\/\"]}]},{\"@type\":\"ImageObject\",\"inLanguage\":\"de\",\"@id\":\"https:\/\/rntl.ch\/fitness\/produkt\/rueckgabe-equipment-schwer\/#primaryimage\",\"url\":\"https:\/\/rntl.ch\/fitness\/wp-content\/uploads\/sites\/3\/2020\/07\/heavy-equipment-wood_yellow-e1597779782743.png\",\"contentUrl\":\"https:\/\/rntl.ch\/fitness\/wp-content\/uploads\/sites\/3\/2020\/07\/heavy-equipment-wood_yellow-e1597779782743.png\",\"width\":1300,\"height\":1300},{\"@type\":\"BreadcrumbList\",\"@id\":\"https:\/\/rntl.ch\/fitness\/produkt\/rueckgabe-equipment-schwer\/#breadcrumb\",\"itemListElement\":[{\"@type\":\"ListItem\",\"position\":1,\"name\":\"Startseite\",\"item\":\"https:\/\/rntl.ch\/fitness\/\"},{\"@type\":\"ListItem\",\"position\":2,\"name\":\"Shop\",\"item\":\"https:\/\/rntl.ch\/fitness\/shop\/\"},{\"@type\":\"ListItem\",\"position\":3,\"name\":\"R\u00fcckgabe: Schweres Fitness-Equipment\"}]},{\"@type\":\"WebSite\",\"@id\":\"https:\/\/rntl.ch\/fitness\/#website\",\"url\":\"https:\/\/rntl.ch\/fitness\/\",\"name\":\"RNTL Fitness\",\"description\":\"Mieten Einfach Anders\",\"publisher\":{\"@id\":\"https:\/\/rntl.ch\/fitness\/#organization\"},\"potentialAction\":[{\"@type\":\"SearchAction\",\"target\":{\"@type\":\"EntryPoint\",\"urlTemplate\":\"https:\/\/rntl.ch\/fitness\/?s={search_term_string}\"},\"query-input\":{\"@type\":\"PropertyValueSpecification\",\"valueRequired\":true,\"valueName\":\"search_term_string\"}}],\"inLanguage\":\"de\"},{\"@type\":\"Organization\",\"@id\":\"https:\/\/rntl.ch\/fitness\/#organization\",\"name\":\"RNTL Fitness\",\"url\":\"https:\/\/rntl.ch\/fitness\/\",\"logo\":{\"@type\":\"ImageObject\",\"inLanguage\":\"de\",\"@id\":\"https:\/\/rntl.ch\/fitness\/#\/schema\/logo\/image\/\",\"url\":\"https:\/\/rntl.ch\/fitness\/wp-content\/uploads\/sites\/3\/2020\/11\/cropped-rntl_logo_white_530x150.png\",\"contentUrl\":\"https:\/\/rntl.ch\/fitness\/wp-content\/uploads\/sites\/3\/2020\/11\/cropped-rntl_logo_white_530x150.png\",\"width\":530,\"height\":150,\"caption\":\"RNTL Fitness\"},\"image\":{\"@id\":\"https:\/\/rntl.ch\/fitness\/#\/schema\/logo\/image\/\"}}]}<\/script>\n<!-- \/ Yoast SEO plugin. -->","yoast_head_json":{"title":"R\u00fcckgabe: Schweres Fitness-Equipment - RNTL Fitness","robots":{"index":"index","follow":"follow","max-snippet":"max-snippet:-1","max-image-preview":"max-image-preview:large","max-video-preview":"max-video-preview:-1"},"canonical":"https:\/\/rntl.ch\/fitness\/produkt\/rueckgabe-equipment-schwer\/","og_locale":"de_DE","og_type":"article","og_title":"R\u00fcckgabe: Schweres Fitness-Equipment - RNTL Fitness","og_description":"Hiermit beantragst du die K\u00fcndigung deines\/r Abos und bestellst den R\u00fccktransport. WICHTIG: Wie du die richtige Kategorie findest, zeigen wir dir hier. Den R\u00fcckgabetermin kannst du beim Absenden der Bestellung definieren.  Dieser Auftrag ist f\u00fcr schweres Fitness-Equipment: Laufb\u00e4nder, grosse Crosstrainer (Frontwheeler) und kleinere Kraftstationen.","og_url":"https:\/\/rntl.ch\/fitness\/produkt\/rueckgabe-equipment-schwer\/","og_site_name":"RNTL Fitness","article_modified_time":"2023-10-12T15:18:33+00:00","og_image":[{"width":1300,"height":1300,"url":"https:\/\/rntl.ch\/fitness\/wp-content\/uploads\/sites\/3\/2020\/07\/heavy-equipment-wood_yellow-e1597779782743.png","type":"image\/png"}],"twitter_card":"summary_large_image","schema":{"@context":"https:\/\/schema.org","@graph":[{"@type":"WebPage","@id":"https:\/\/rntl.ch\/fitness\/produkt\/rueckgabe-equipment-schwer\/","url":"https:\/\/rntl.ch\/fitness\/produkt\/rueckgabe-equipment-schwer\/","name":"R\u00fcckgabe: Schweres Fitness-Equipment - RNTL Fitness","isPartOf":{"@id":"https:\/\/rntl.ch\/fitness\/#website"},"primaryImageOfPage":{"@id":"https:\/\/rntl.ch\/fitness\/produkt\/rueckgabe-equipment-schwer\/#primaryimage"},"image":{"@id":"https:\/\/rntl.ch\/fitness\/produkt\/rueckgabe-equipment-schwer\/#primaryimage"},"thumbnailUrl":"https:\/\/rntl.ch\/fitness\/wp-content\/uploads\/sites\/3\/2020\/07\/heavy-equipment-wood_yellow-e1597779782743.png","datePublished":"2020-07-06T09:47:12+00:00","dateModified":"2023-10-12T15:18:33+00:00","breadcrumb":{"@id":"https:\/\/rntl.ch\/fitness\/produkt\/rueckgabe-equipment-schwer\/#breadcrumb"},"inLanguage":"de","potentialAction":[{"@type":"ReadAction","target":["https:\/\/rntl.ch\/fitness\/produkt\/rueckgabe-equipment-schwer\/"]}]},{"@type":"ImageObject","inLanguage":"de","@id":"https:\/\/rntl.ch\/fitness\/produkt\/rueckgabe-equipment-schwer\/#primaryimage","url":"https:\/\/rntl.ch\/fitness\/wp-content\/uploads\/sites\/3\/2020\/07\/heavy-equipment-wood_yellow-e1597779782743.png","contentUrl":"https:\/\/rntl.ch\/fitness\/wp-content\/uploads\/sites\/3\/2020\/07\/heavy-equipment-wood_yellow-e1597779782743.png","width":1300,"height":1300},{"@type":"BreadcrumbList","@id":"https:\/\/rntl.ch\/fitness\/produkt\/rueckgabe-equipment-schwer\/#breadcrumb","itemListElement":[{"@type":"ListItem","position":1,"name":"Startseite","item":"https:\/\/rntl.ch\/fitness\/"},{"@type":"ListItem","position":2,"name":"Shop","item":"https:\/\/rntl.ch\/fitness\/shop\/"},{"@type":"ListItem","position":3,"name":"R\u00fcckgabe: Schweres Fitness-Equipment"}]},{"@type":"WebSite","@id":"https:\/\/rntl.ch\/fitness\/#website","url":"https:\/\/rntl.ch\/fitness\/","name":"RNTL Fitness","description":"Mieten Einfach Anders","publisher":{"@id":"https:\/\/rntl.ch\/fitness\/#organization"},"potentialAction":[{"@type":"SearchAction","target":{"@type":"EntryPoint","urlTemplate":"https:\/\/rntl.ch\/fitness\/?s={search_term_string}"},"query-input":{"@type":"PropertyValueSpecification","valueRequired":true,"valueName":"search_term_string"}}],"inLanguage":"de"},{"@type":"Organization","@id":"https:\/\/rntl.ch\/fitness\/#organization","name":"RNTL Fitness","url":"https:\/\/rntl.ch\/fitness\/","logo":{"@type":"ImageObject","inLanguage":"de","@id":"https:\/\/rntl.ch\/fitness\/#\/schema\/logo\/image\/","url":"https:\/\/rntl.ch\/fitness\/wp-content\/uploads\/sites\/3\/2020\/11\/cropped-rntl_logo_white_530x150.png","contentUrl":"https:\/\/rntl.ch\/fitness\/wp-content\/uploads\/sites\/3\/2020\/11\/cropped-rntl_logo_white_530x150.png","width":530,"height":150,"caption":"RNTL Fitness"},"image":{"@id":"https:\/\/rntl.ch\/fitness\/#\/schema\/logo\/image\/"}}]}},"_links":{"self":[{"href":"https:\/\/rntl.ch\/fitness\/wp-json\/wp\/v2\/product\/7813","targetHints":{"allow":["GET"]}}],"collection":[{"href":"https:\/\/rntl.ch\/fitness\/wp-json\/wp\/v2\/product"}],"about":[{"href":"https:\/\/rntl.ch\/fitness\/wp-json\/wp\/v2\/types\/product"}],"version-history":[{"count":0,"href":"https:\/\/rntl.ch\/fitness\/wp-json\/wp\/v2\/product\/7813\/revisions"}],"wp:featuredmedia":[{"embeddable":true,"href":"https:\/\/rntl.ch\/fitness\/wp-json\/wp\/v2\/media\/7980"}],"wp:attachment":[{"href":"https:\/\/rntl.ch\/fitness\/wp-json\/wp\/v2\/media?parent=7813"}],"wp:term":[{"taxonomy":"product_brand","embeddable":true,"href":"https:\/\/rntl.ch\/fitness\/wp-json\/wp\/v2\/product_brand?post=7813"},{"taxonomy":"product_cat","embeddable":true,"href":"https:\/\/rntl.ch\/fitness\/wp-json\/wp\/v2\/product_cat?post=7813"},{"taxonomy":"product_tag","embeddable":true,"href":"https:\/\/rntl.ch\/fitness\/wp-json\/wp\/v2\/product_tag?post=7813"}],"curies":[{"name":"wp","href":"https:\/\/api.w.org\/{rel}","templated":true}]}}