{"id":9716,"date":"2020-12-03T13:37:43","date_gmt":"2020-12-03T13:37:43","guid":{"rendered":"https:\/\/rntl.ch\/fitness\/?post_type=product&#038;p=9716"},"modified":"2021-02-10T17:52:39","modified_gmt":"2021-02-10T17:52:39","slug":"hanteln-neopren-paar-1-kg-bis-6-kg","status":"publish","type":"product","link":"https:\/\/rntl.ch\/fitness\/produkt\/hanteln-neopren-paar-1-kg-bis-6-kg\/","title":{"rendered":"Hanteln Neopren Paar. (1 kg bis 6 kg)"},"content":{"rendered":"<p>49.90Starke Sache: Beim Hanteltraining aktivierst du gleichzeitig zahlreiche Muskeln und verbrennst viel Fett. Mit hautfreundlicher Neoprenbeschichtung geht das jetzt noch einfacher. Muskelaktivierendes Hanteltraining Beim Hanteltraining sch\u00fcttet der K\u00f6rper muskelaufbauende und fettverbrennende Hormone aus. Dazu werden zahlreiche Hilfsmuskeln beansprucht. Ein Vorteil der \u00dcbungen mit Hanteln ist, dass die Bewegungen den nat\u00fcrlichen Bewegungsabl\u00e4ufen entsprechen. Das verbessert die Zusammenarbeit der Muskeln untereinander. Das Krafttraining mit Hanteln kannst du praktisch \u00fcberall ausf\u00fchren. Es ist m\u00f6glich ein komplettes Training f\u00fcr alle Muskelgruppen allein mit Hanteln zu gestalten. Die hautfreundliche Neoprenbeschichtung sorgt dabei f\u00fcr einen guten Griff und ein angenehmes Gef\u00fchl in der Hand.<\/p>\n","protected":false},"excerpt":{"rendered":"<p>Mit Hautfreundlicher Neopren-Beschichtung, f\u00fcr einen angenehmen Gripp und einem kleineren Hick im Holzboden \ud83d\ude09<\/p>\n","protected":false},"featured_media":9717,"template":"","meta":{"content-type":""},"product_brand":[],"product_cat":[27,32],"product_tag":[26],"class_list":{"0":"post-9716","1":"product","2":"type-product","3":"status-publish","4":"has-post-thumbnail","6":"product_cat-krafttraining","7":"product_cat-zusatzausruestung","8":"product_tag-kaufen","9":"product_shipping_class-paket","10":"tm-no-options","12":"first","13":"outofstock","14":"taxable","15":"shipping-taxable","16":"purchasable","17":"product-type-variable"},"yoast_head":"<!-- This site is optimized with the Yoast SEO plugin v26.3 - https:\/\/yoast.com\/wordpress\/plugins\/seo\/ -->\n<title>Hanteln Neopren Paar. (1 kg bis 6 kg) - RNTL Fitness<\/title>\n<meta name=\"robots\" content=\"index, follow, max-snippet:-1, max-image-preview:large, max-video-preview:-1\" \/>\n<link rel=\"canonical\" href=\"https:\/\/rntl.ch\/fitness\/produkt\/hanteln-neopren-paar-1-kg-bis-6-kg\/\" \/>\n<meta property=\"og:locale\" content=\"de_DE\" \/>\n<meta property=\"og:type\" content=\"article\" \/>\n<meta property=\"og:title\" content=\"Hanteln Neopren Paar. (1 kg bis 6 kg) - RNTL Fitness\" \/>\n<meta property=\"og:description\" content=\"Mit Hautfreundlicher Neopren-Beschichtung, f\u00fcr einen angenehmen Gripp und einem kleineren Hick im Holzboden ;)\" \/>\n<meta property=\"og:url\" content=\"https:\/\/rntl.ch\/fitness\/produkt\/hanteln-neopren-paar-1-kg-bis-6-kg\/\" \/>\n<meta property=\"og:site_name\" content=\"RNTL Fitness\" \/>\n<meta property=\"article:modified_time\" content=\"2021-02-10T17:52:39+00:00\" \/>\n<meta property=\"og:image\" content=\"https:\/\/rntl.ch\/fitness\/wp-content\/uploads\/sites\/3\/2020\/12\/Neopren-Hanteln-black-yellow.jpg\" \/>\n\t<meta property=\"og:image:width\" content=\"600\" \/>\n\t<meta property=\"og:image:height\" content=\"600\" \/>\n\t<meta property=\"og:image:type\" content=\"image\/jpeg\" \/>\n<meta name=\"twitter:card\" content=\"summary_large_image\" \/>\n<meta name=\"twitter:label1\" content=\"Gesch\u00e4tzte Lesezeit\" \/>\n\t<meta name=\"twitter:data1\" content=\"1\u00a0Minute\" \/>\n<script type=\"application\/ld+json\" class=\"yoast-schema-graph\">{\"@context\":\"https:\/\/schema.org\",\"@graph\":[{\"@type\":\"WebPage\",\"@id\":\"https:\/\/rntl.ch\/fitness\/produkt\/hanteln-neopren-paar-1-kg-bis-6-kg\/\",\"url\":\"https:\/\/rntl.ch\/fitness\/produkt\/hanteln-neopren-paar-1-kg-bis-6-kg\/\",\"name\":\"Hanteln Neopren Paar. (1 kg bis 6 kg) - RNTL Fitness\",\"isPartOf\":{\"@id\":\"https:\/\/rntl.ch\/fitness\/#website\"},\"primaryImageOfPage\":{\"@id\":\"https:\/\/rntl.ch\/fitness\/produkt\/hanteln-neopren-paar-1-kg-bis-6-kg\/#primaryimage\"},\"image\":{\"@id\":\"https:\/\/rntl.ch\/fitness\/produkt\/hanteln-neopren-paar-1-kg-bis-6-kg\/#primaryimage\"},\"thumbnailUrl\":\"https:\/\/rntl.ch\/fitness\/wp-content\/uploads\/sites\/3\/2020\/12\/Neopren-Hanteln-black-yellow.jpg\",\"datePublished\":\"2020-12-03T13:37:43+00:00\",\"dateModified\":\"2021-02-10T17:52:39+00:00\",\"breadcrumb\":{\"@id\":\"https:\/\/rntl.ch\/fitness\/produkt\/hanteln-neopren-paar-1-kg-bis-6-kg\/#breadcrumb\"},\"inLanguage\":\"de\",\"potentialAction\":[{\"@type\":\"ReadAction\",\"target\":[\"https:\/\/rntl.ch\/fitness\/produkt\/hanteln-neopren-paar-1-kg-bis-6-kg\/\"]}]},{\"@type\":\"ImageObject\",\"inLanguage\":\"de\",\"@id\":\"https:\/\/rntl.ch\/fitness\/produkt\/hanteln-neopren-paar-1-kg-bis-6-kg\/#primaryimage\",\"url\":\"https:\/\/rntl.ch\/fitness\/wp-content\/uploads\/sites\/3\/2020\/12\/Neopren-Hanteln-black-yellow.jpg\",\"contentUrl\":\"https:\/\/rntl.ch\/fitness\/wp-content\/uploads\/sites\/3\/2020\/12\/Neopren-Hanteln-black-yellow.jpg\",\"width\":600,\"height\":600},{\"@type\":\"BreadcrumbList\",\"@id\":\"https:\/\/rntl.ch\/fitness\/produkt\/hanteln-neopren-paar-1-kg-bis-6-kg\/#breadcrumb\",\"itemListElement\":[{\"@type\":\"ListItem\",\"position\":1,\"name\":\"Startseite\",\"item\":\"https:\/\/rntl.ch\/fitness\/\"},{\"@type\":\"ListItem\",\"position\":2,\"name\":\"Shop\",\"item\":\"https:\/\/rntl.ch\/fitness\/shop\/\"},{\"@type\":\"ListItem\",\"position\":3,\"name\":\"Hanteln Neopren Paar. (1 kg bis 6 kg)\"}]},{\"@type\":\"WebSite\",\"@id\":\"https:\/\/rntl.ch\/fitness\/#website\",\"url\":\"https:\/\/rntl.ch\/fitness\/\",\"name\":\"RNTL Fitness\",\"description\":\"Mieten Einfach Anders\",\"publisher\":{\"@id\":\"https:\/\/rntl.ch\/fitness\/#organization\"},\"potentialAction\":[{\"@type\":\"SearchAction\",\"target\":{\"@type\":\"EntryPoint\",\"urlTemplate\":\"https:\/\/rntl.ch\/fitness\/?s={search_term_string}\"},\"query-input\":{\"@type\":\"PropertyValueSpecification\",\"valueRequired\":true,\"valueName\":\"search_term_string\"}}],\"inLanguage\":\"de\"},{\"@type\":\"Organization\",\"@id\":\"https:\/\/rntl.ch\/fitness\/#organization\",\"name\":\"RNTL Fitness\",\"url\":\"https:\/\/rntl.ch\/fitness\/\",\"logo\":{\"@type\":\"ImageObject\",\"inLanguage\":\"de\",\"@id\":\"https:\/\/rntl.ch\/fitness\/#\/schema\/logo\/image\/\",\"url\":\"https:\/\/rntl.ch\/fitness\/wp-content\/uploads\/sites\/3\/2020\/11\/cropped-rntl_logo_white_530x150.png\",\"contentUrl\":\"https:\/\/rntl.ch\/fitness\/wp-content\/uploads\/sites\/3\/2020\/11\/cropped-rntl_logo_white_530x150.png\",\"width\":530,\"height\":150,\"caption\":\"RNTL Fitness\"},\"image\":{\"@id\":\"https:\/\/rntl.ch\/fitness\/#\/schema\/logo\/image\/\"}}]}<\/script>\n<!-- \/ Yoast SEO plugin. -->","yoast_head_json":{"title":"Hanteln Neopren Paar. (1 kg bis 6 kg) - RNTL Fitness","robots":{"index":"index","follow":"follow","max-snippet":"max-snippet:-1","max-image-preview":"max-image-preview:large","max-video-preview":"max-video-preview:-1"},"canonical":"https:\/\/rntl.ch\/fitness\/produkt\/hanteln-neopren-paar-1-kg-bis-6-kg\/","og_locale":"de_DE","og_type":"article","og_title":"Hanteln Neopren Paar. (1 kg bis 6 kg) - RNTL Fitness","og_description":"Mit Hautfreundlicher Neopren-Beschichtung, f\u00fcr einen angenehmen Gripp und einem kleineren Hick im Holzboden ;)","og_url":"https:\/\/rntl.ch\/fitness\/produkt\/hanteln-neopren-paar-1-kg-bis-6-kg\/","og_site_name":"RNTL Fitness","article_modified_time":"2021-02-10T17:52:39+00:00","og_image":[{"width":600,"height":600,"url":"https:\/\/rntl.ch\/fitness\/wp-content\/uploads\/sites\/3\/2020\/12\/Neopren-Hanteln-black-yellow.jpg","type":"image\/jpeg"}],"twitter_card":"summary_large_image","twitter_misc":{"Gesch\u00e4tzte Lesezeit":"1\u00a0Minute"},"schema":{"@context":"https:\/\/schema.org","@graph":[{"@type":"WebPage","@id":"https:\/\/rntl.ch\/fitness\/produkt\/hanteln-neopren-paar-1-kg-bis-6-kg\/","url":"https:\/\/rntl.ch\/fitness\/produkt\/hanteln-neopren-paar-1-kg-bis-6-kg\/","name":"Hanteln Neopren Paar. (1 kg bis 6 kg) - RNTL Fitness","isPartOf":{"@id":"https:\/\/rntl.ch\/fitness\/#website"},"primaryImageOfPage":{"@id":"https:\/\/rntl.ch\/fitness\/produkt\/hanteln-neopren-paar-1-kg-bis-6-kg\/#primaryimage"},"image":{"@id":"https:\/\/rntl.ch\/fitness\/produkt\/hanteln-neopren-paar-1-kg-bis-6-kg\/#primaryimage"},"thumbnailUrl":"https:\/\/rntl.ch\/fitness\/wp-content\/uploads\/sites\/3\/2020\/12\/Neopren-Hanteln-black-yellow.jpg","datePublished":"2020-12-03T13:37:43+00:00","dateModified":"2021-02-10T17:52:39+00:00","breadcrumb":{"@id":"https:\/\/rntl.ch\/fitness\/produkt\/hanteln-neopren-paar-1-kg-bis-6-kg\/#breadcrumb"},"inLanguage":"de","potentialAction":[{"@type":"ReadAction","target":["https:\/\/rntl.ch\/fitness\/produkt\/hanteln-neopren-paar-1-kg-bis-6-kg\/"]}]},{"@type":"ImageObject","inLanguage":"de","@id":"https:\/\/rntl.ch\/fitness\/produkt\/hanteln-neopren-paar-1-kg-bis-6-kg\/#primaryimage","url":"https:\/\/rntl.ch\/fitness\/wp-content\/uploads\/sites\/3\/2020\/12\/Neopren-Hanteln-black-yellow.jpg","contentUrl":"https:\/\/rntl.ch\/fitness\/wp-content\/uploads\/sites\/3\/2020\/12\/Neopren-Hanteln-black-yellow.jpg","width":600,"height":600},{"@type":"BreadcrumbList","@id":"https:\/\/rntl.ch\/fitness\/produkt\/hanteln-neopren-paar-1-kg-bis-6-kg\/#breadcrumb","itemListElement":[{"@type":"ListItem","position":1,"name":"Startseite","item":"https:\/\/rntl.ch\/fitness\/"},{"@type":"ListItem","position":2,"name":"Shop","item":"https:\/\/rntl.ch\/fitness\/shop\/"},{"@type":"ListItem","position":3,"name":"Hanteln Neopren Paar. (1 kg bis 6 kg)"}]},{"@type":"WebSite","@id":"https:\/\/rntl.ch\/fitness\/#website","url":"https:\/\/rntl.ch\/fitness\/","name":"RNTL Fitness","description":"Mieten Einfach Anders","publisher":{"@id":"https:\/\/rntl.ch\/fitness\/#organization"},"potentialAction":[{"@type":"SearchAction","target":{"@type":"EntryPoint","urlTemplate":"https:\/\/rntl.ch\/fitness\/?s={search_term_string}"},"query-input":{"@type":"PropertyValueSpecification","valueRequired":true,"valueName":"search_term_string"}}],"inLanguage":"de"},{"@type":"Organization","@id":"https:\/\/rntl.ch\/fitness\/#organization","name":"RNTL Fitness","url":"https:\/\/rntl.ch\/fitness\/","logo":{"@type":"ImageObject","inLanguage":"de","@id":"https:\/\/rntl.ch\/fitness\/#\/schema\/logo\/image\/","url":"https:\/\/rntl.ch\/fitness\/wp-content\/uploads\/sites\/3\/2020\/11\/cropped-rntl_logo_white_530x150.png","contentUrl":"https:\/\/rntl.ch\/fitness\/wp-content\/uploads\/sites\/3\/2020\/11\/cropped-rntl_logo_white_530x150.png","width":530,"height":150,"caption":"RNTL Fitness"},"image":{"@id":"https:\/\/rntl.ch\/fitness\/#\/schema\/logo\/image\/"}}]}},"_links":{"self":[{"href":"https:\/\/rntl.ch\/fitness\/wp-json\/wp\/v2\/product\/9716","targetHints":{"allow":["GET"]}}],"collection":[{"href":"https:\/\/rntl.ch\/fitness\/wp-json\/wp\/v2\/product"}],"about":[{"href":"https:\/\/rntl.ch\/fitness\/wp-json\/wp\/v2\/types\/product"}],"version-history":[{"count":0,"href":"https:\/\/rntl.ch\/fitness\/wp-json\/wp\/v2\/product\/9716\/revisions"}],"wp:featuredmedia":[{"embeddable":true,"href":"https:\/\/rntl.ch\/fitness\/wp-json\/wp\/v2\/media\/9717"}],"wp:attachment":[{"href":"https:\/\/rntl.ch\/fitness\/wp-json\/wp\/v2\/media?parent=9716"}],"wp:term":[{"taxonomy":"product_brand","embeddable":true,"href":"https:\/\/rntl.ch\/fitness\/wp-json\/wp\/v2\/product_brand?post=9716"},{"taxonomy":"product_cat","embeddable":true,"href":"https:\/\/rntl.ch\/fitness\/wp-json\/wp\/v2\/product_cat?post=9716"},{"taxonomy":"product_tag","embeddable":true,"href":"https:\/\/rntl.ch\/fitness\/wp-json\/wp\/v2\/product_tag?post=9716"}],"curies":[{"name":"wp","href":"https:\/\/api.w.org\/{rel}","templated":true}]}}