{"id":9988,"date":"2020-12-15T13:11:10","date_gmt":"2020-12-15T13:11:10","guid":{"rendered":"https:\/\/rntl.ch\/fitness\/?post_type=product&#038;p=9988"},"modified":"2026-02-06T17:33:34","modified_gmt":"2026-02-06T16:33:34","slug":"pulsgurt-a9-bluetooth","status":"publish","type":"product","link":"https:\/\/rntl.ch\/fitness\/produkt\/pulsgurt-a9-bluetooth\/","title":{"rendered":"Pulsgurt A9 (Bluetooth, ANT+ und 5,3 kHz)"},"content":{"rendered":"<p>Der leichte und echt d\u00fcnne A9 Sender misst Ihre Herzfrequenz EKG-genau und ist durch seine Codierung vor St\u00f6rungen durch andere Herzfrequenz-Messger\u00e4te gesch\u00fctzt. Damit ist es auch kein Problem, in Gruppen zu trainieren oder an Wettk\u00e4mpfen teilzunehmen.<\/p>\n<p>Der A9 bietet bis zu 8 Monaten Betrieb (pro Batterie CR2032). Die Codierung sch\u00fctzt zus\u00e4tzlich vor St\u00f6rungen durch andere Herzfrequenz-Messger\u00e4te.<\/p>\n<p>Der Sensor ist zu allen Heimfitnessger\u00e4ten welche \u00fcber Bluetooth verf\u00fcgen kompatibel.<\/p>\n<p><img fetchpriority=\"high\" decoding=\"async\" class=\"alignnone size-full wp-image-13271\" src=\"https:\/\/rntl.ch\/fitness\/wp-content\/uploads\/sites\/3\/2020\/12\/Bildschirmfoto-2021-07-27-um-19.36.12.png\" alt=\"\" width=\"511\" height=\"244\" srcset=\"https:\/\/rntl.ch\/fitness\/wp-content\/uploads\/sites\/3\/2020\/12\/Bildschirmfoto-2021-07-27-um-19.36.12.png 511w, https:\/\/rntl.ch\/fitness\/wp-content\/uploads\/sites\/3\/2020\/12\/Bildschirmfoto-2021-07-27-um-19.36.12-300x143.png 300w, https:\/\/rntl.ch\/fitness\/wp-content\/uploads\/sites\/3\/2020\/12\/Bildschirmfoto-2021-07-27-um-19.36.12-24x11.png 24w, https:\/\/rntl.ch\/fitness\/wp-content\/uploads\/sites\/3\/2020\/12\/Bildschirmfoto-2021-07-27-um-19.36.12-36x17.png 36w, https:\/\/rntl.ch\/fitness\/wp-content\/uploads\/sites\/3\/2020\/12\/Bildschirmfoto-2021-07-27-um-19.36.12-48x23.png 48w\" sizes=\"(max-width: 511px) 100vw, 511px\" \/><\/p>\n","protected":false},"excerpt":{"rendered":"<h1 class=\"productStage__title\">Pulsgurt A9<\/h1>\n<h2 class=\"productStage__subtitle\">Pulsgurt zur \u00dcberpr\u00fcfung der Herzfrequenz<\/h2>\n<div class=\"productStage__infoText\">\n<ul>\n<li>Hochpr\u00e4zise Herzfrequenzmessung<\/li>\n<li>Daten\u00fcbertragung via BT 4.0 \/ ANT+ und 5.3 kHz<\/li>\n<li>Kompatibel mit s\u00e4mtlichen aktuellen Sportuhren, Fahrradcomputern, Smartphones \/ Tablets, Indoorcycling Systemen und Fitnessger\u00e4ten<\/li>\n<li>Angenehmer Tragekomfort dank weichem Textilband<\/li>\n<li>Auswechselbare CR2032 Knopfbatterie<\/li>\n<\/ul>\n<\/div>\n","protected":false},"featured_media":9990,"template":"","meta":{"content-type":""},"product_brand":[],"product_cat":[32],"product_tag":[26],"class_list":{"0":"post-9988","1":"product","2":"type-product","3":"status-publish","4":"has-post-thumbnail","6":"product_cat-zusatzausruestung","7":"product_tag-kaufen","8":"product_shipping_class-paket","9":"tm-no-options","11":"first","12":"outofstock","13":"taxable","14":"shipping-taxable","15":"purchasable","16":"product-type-simple"},"yoast_head":"<!-- This site is optimized with the Yoast SEO plugin v26.3 - https:\/\/yoast.com\/wordpress\/plugins\/seo\/ -->\n<title>Pulsgurt A9 (Bluetooth, ANT+ und 5,3 kHz) - RNTL Fitness<\/title>\n<meta name=\"robots\" content=\"index, follow, max-snippet:-1, max-image-preview:large, max-video-preview:-1\" \/>\n<link rel=\"canonical\" href=\"https:\/\/rntl.ch\/fitness\/produkt\/pulsgurt-a9-bluetooth\/\" \/>\n<meta property=\"og:locale\" content=\"de_DE\" \/>\n<meta property=\"og:type\" content=\"article\" \/>\n<meta property=\"og:title\" content=\"Pulsgurt A9 (Bluetooth, ANT+ und 5,3 kHz) - RNTL Fitness\" \/>\n<meta property=\"og:description\" content=\"Pulsgurt A9 Pulsgurt zur \u00dcberpr\u00fcfung der Herzfrequenz    Hochpr\u00e4zise Herzfrequenzmessung  Daten\u00fcbertragung via BT 4.0 \/ ANT+ und 5.3 kHz  Kompatibel mit s\u00e4mtlichen aktuellen Sportuhren, Fahrradcomputern, Smartphones \/ Tablets, Indoorcycling Systemen und Fitnessger\u00e4ten  Angenehmer Tragekomfort dank weichem Textilband  Auswechselbare CR2032 Knopfbatterie\" \/>\n<meta property=\"og:url\" content=\"https:\/\/rntl.ch\/fitness\/produkt\/pulsgurt-a9-bluetooth\/\" \/>\n<meta property=\"og:site_name\" content=\"RNTL Fitness\" \/>\n<meta property=\"article:modified_time\" content=\"2026-02-06T16:33:34+00:00\" \/>\n<meta property=\"og:image\" content=\"https:\/\/rntl.ch\/fitness\/wp-content\/uploads\/sites\/3\/2020\/12\/Pulsgurt-A9.jpeg\" \/>\n\t<meta property=\"og:image:width\" content=\"640\" \/>\n\t<meta property=\"og:image:height\" content=\"387\" \/>\n\t<meta property=\"og:image:type\" content=\"image\/jpeg\" \/>\n<meta name=\"twitter:card\" content=\"summary_large_image\" \/>\n<meta name=\"twitter:label1\" content=\"Gesch\u00e4tzte Lesezeit\" \/>\n\t<meta name=\"twitter:data1\" content=\"1\u00a0Minute\" \/>\n<script type=\"application\/ld+json\" class=\"yoast-schema-graph\">{\"@context\":\"https:\/\/schema.org\",\"@graph\":[{\"@type\":\"WebPage\",\"@id\":\"https:\/\/rntl.ch\/fitness\/produkt\/pulsgurt-a9-bluetooth\/\",\"url\":\"https:\/\/rntl.ch\/fitness\/produkt\/pulsgurt-a9-bluetooth\/\",\"name\":\"Pulsgurt A9 (Bluetooth, ANT+ und 5,3 kHz) - RNTL Fitness\",\"isPartOf\":{\"@id\":\"https:\/\/rntl.ch\/fitness\/#website\"},\"primaryImageOfPage\":{\"@id\":\"https:\/\/rntl.ch\/fitness\/produkt\/pulsgurt-a9-bluetooth\/#primaryimage\"},\"image\":{\"@id\":\"https:\/\/rntl.ch\/fitness\/produkt\/pulsgurt-a9-bluetooth\/#primaryimage\"},\"thumbnailUrl\":\"https:\/\/rntl.ch\/fitness\/wp-content\/uploads\/sites\/3\/2020\/12\/Pulsgurt-A9.jpeg\",\"datePublished\":\"2020-12-15T13:11:10+00:00\",\"dateModified\":\"2026-02-06T16:33:34+00:00\",\"breadcrumb\":{\"@id\":\"https:\/\/rntl.ch\/fitness\/produkt\/pulsgurt-a9-bluetooth\/#breadcrumb\"},\"inLanguage\":\"de\",\"potentialAction\":[{\"@type\":\"ReadAction\",\"target\":[\"https:\/\/rntl.ch\/fitness\/produkt\/pulsgurt-a9-bluetooth\/\"]}]},{\"@type\":\"ImageObject\",\"inLanguage\":\"de\",\"@id\":\"https:\/\/rntl.ch\/fitness\/produkt\/pulsgurt-a9-bluetooth\/#primaryimage\",\"url\":\"https:\/\/rntl.ch\/fitness\/wp-content\/uploads\/sites\/3\/2020\/12\/Pulsgurt-A9.jpeg\",\"contentUrl\":\"https:\/\/rntl.ch\/fitness\/wp-content\/uploads\/sites\/3\/2020\/12\/Pulsgurt-A9.jpeg\",\"width\":640,\"height\":387},{\"@type\":\"BreadcrumbList\",\"@id\":\"https:\/\/rntl.ch\/fitness\/produkt\/pulsgurt-a9-bluetooth\/#breadcrumb\",\"itemListElement\":[{\"@type\":\"ListItem\",\"position\":1,\"name\":\"Startseite\",\"item\":\"https:\/\/rntl.ch\/fitness\/\"},{\"@type\":\"ListItem\",\"position\":2,\"name\":\"Shop\",\"item\":\"https:\/\/rntl.ch\/fitness\/shop\/\"},{\"@type\":\"ListItem\",\"position\":3,\"name\":\"Pulsgurt A9 (Bluetooth, ANT+ und 5,3 kHz)\"}]},{\"@type\":\"WebSite\",\"@id\":\"https:\/\/rntl.ch\/fitness\/#website\",\"url\":\"https:\/\/rntl.ch\/fitness\/\",\"name\":\"RNTL Fitness\",\"description\":\"Mieten Einfach Anders\",\"publisher\":{\"@id\":\"https:\/\/rntl.ch\/fitness\/#organization\"},\"potentialAction\":[{\"@type\":\"SearchAction\",\"target\":{\"@type\":\"EntryPoint\",\"urlTemplate\":\"https:\/\/rntl.ch\/fitness\/?s={search_term_string}\"},\"query-input\":{\"@type\":\"PropertyValueSpecification\",\"valueRequired\":true,\"valueName\":\"search_term_string\"}}],\"inLanguage\":\"de\"},{\"@type\":\"Organization\",\"@id\":\"https:\/\/rntl.ch\/fitness\/#organization\",\"name\":\"RNTL Fitness\",\"url\":\"https:\/\/rntl.ch\/fitness\/\",\"logo\":{\"@type\":\"ImageObject\",\"inLanguage\":\"de\",\"@id\":\"https:\/\/rntl.ch\/fitness\/#\/schema\/logo\/image\/\",\"url\":\"https:\/\/rntl.ch\/fitness\/wp-content\/uploads\/sites\/3\/2020\/11\/cropped-rntl_logo_white_530x150.png\",\"contentUrl\":\"https:\/\/rntl.ch\/fitness\/wp-content\/uploads\/sites\/3\/2020\/11\/cropped-rntl_logo_white_530x150.png\",\"width\":530,\"height\":150,\"caption\":\"RNTL Fitness\"},\"image\":{\"@id\":\"https:\/\/rntl.ch\/fitness\/#\/schema\/logo\/image\/\"}}]}<\/script>\n<!-- \/ Yoast SEO plugin. -->","yoast_head_json":{"title":"Pulsgurt A9 (Bluetooth, ANT+ und 5,3 kHz) - RNTL Fitness","robots":{"index":"index","follow":"follow","max-snippet":"max-snippet:-1","max-image-preview":"max-image-preview:large","max-video-preview":"max-video-preview:-1"},"canonical":"https:\/\/rntl.ch\/fitness\/produkt\/pulsgurt-a9-bluetooth\/","og_locale":"de_DE","og_type":"article","og_title":"Pulsgurt A9 (Bluetooth, ANT+ und 5,3 kHz) - RNTL Fitness","og_description":"Pulsgurt A9 Pulsgurt zur \u00dcberpr\u00fcfung der Herzfrequenz    Hochpr\u00e4zise Herzfrequenzmessung  Daten\u00fcbertragung via BT 4.0 \/ ANT+ und 5.3 kHz  Kompatibel mit s\u00e4mtlichen aktuellen Sportuhren, Fahrradcomputern, Smartphones \/ Tablets, Indoorcycling Systemen und Fitnessger\u00e4ten  Angenehmer Tragekomfort dank weichem Textilband  Auswechselbare CR2032 Knopfbatterie","og_url":"https:\/\/rntl.ch\/fitness\/produkt\/pulsgurt-a9-bluetooth\/","og_site_name":"RNTL Fitness","article_modified_time":"2026-02-06T16:33:34+00:00","og_image":[{"width":640,"height":387,"url":"https:\/\/rntl.ch\/fitness\/wp-content\/uploads\/sites\/3\/2020\/12\/Pulsgurt-A9.jpeg","type":"image\/jpeg"}],"twitter_card":"summary_large_image","twitter_misc":{"Gesch\u00e4tzte Lesezeit":"1\u00a0Minute"},"schema":{"@context":"https:\/\/schema.org","@graph":[{"@type":"WebPage","@id":"https:\/\/rntl.ch\/fitness\/produkt\/pulsgurt-a9-bluetooth\/","url":"https:\/\/rntl.ch\/fitness\/produkt\/pulsgurt-a9-bluetooth\/","name":"Pulsgurt A9 (Bluetooth, ANT+ und 5,3 kHz) - RNTL Fitness","isPartOf":{"@id":"https:\/\/rntl.ch\/fitness\/#website"},"primaryImageOfPage":{"@id":"https:\/\/rntl.ch\/fitness\/produkt\/pulsgurt-a9-bluetooth\/#primaryimage"},"image":{"@id":"https:\/\/rntl.ch\/fitness\/produkt\/pulsgurt-a9-bluetooth\/#primaryimage"},"thumbnailUrl":"https:\/\/rntl.ch\/fitness\/wp-content\/uploads\/sites\/3\/2020\/12\/Pulsgurt-A9.jpeg","datePublished":"2020-12-15T13:11:10+00:00","dateModified":"2026-02-06T16:33:34+00:00","breadcrumb":{"@id":"https:\/\/rntl.ch\/fitness\/produkt\/pulsgurt-a9-bluetooth\/#breadcrumb"},"inLanguage":"de","potentialAction":[{"@type":"ReadAction","target":["https:\/\/rntl.ch\/fitness\/produkt\/pulsgurt-a9-bluetooth\/"]}]},{"@type":"ImageObject","inLanguage":"de","@id":"https:\/\/rntl.ch\/fitness\/produkt\/pulsgurt-a9-bluetooth\/#primaryimage","url":"https:\/\/rntl.ch\/fitness\/wp-content\/uploads\/sites\/3\/2020\/12\/Pulsgurt-A9.jpeg","contentUrl":"https:\/\/rntl.ch\/fitness\/wp-content\/uploads\/sites\/3\/2020\/12\/Pulsgurt-A9.jpeg","width":640,"height":387},{"@type":"BreadcrumbList","@id":"https:\/\/rntl.ch\/fitness\/produkt\/pulsgurt-a9-bluetooth\/#breadcrumb","itemListElement":[{"@type":"ListItem","position":1,"name":"Startseite","item":"https:\/\/rntl.ch\/fitness\/"},{"@type":"ListItem","position":2,"name":"Shop","item":"https:\/\/rntl.ch\/fitness\/shop\/"},{"@type":"ListItem","position":3,"name":"Pulsgurt A9 (Bluetooth, ANT+ und 5,3 kHz)"}]},{"@type":"WebSite","@id":"https:\/\/rntl.ch\/fitness\/#website","url":"https:\/\/rntl.ch\/fitness\/","name":"RNTL Fitness","description":"Mieten Einfach Anders","publisher":{"@id":"https:\/\/rntl.ch\/fitness\/#organization"},"potentialAction":[{"@type":"SearchAction","target":{"@type":"EntryPoint","urlTemplate":"https:\/\/rntl.ch\/fitness\/?s={search_term_string}"},"query-input":{"@type":"PropertyValueSpecification","valueRequired":true,"valueName":"search_term_string"}}],"inLanguage":"de"},{"@type":"Organization","@id":"https:\/\/rntl.ch\/fitness\/#organization","name":"RNTL Fitness","url":"https:\/\/rntl.ch\/fitness\/","logo":{"@type":"ImageObject","inLanguage":"de","@id":"https:\/\/rntl.ch\/fitness\/#\/schema\/logo\/image\/","url":"https:\/\/rntl.ch\/fitness\/wp-content\/uploads\/sites\/3\/2020\/11\/cropped-rntl_logo_white_530x150.png","contentUrl":"https:\/\/rntl.ch\/fitness\/wp-content\/uploads\/sites\/3\/2020\/11\/cropped-rntl_logo_white_530x150.png","width":530,"height":150,"caption":"RNTL Fitness"},"image":{"@id":"https:\/\/rntl.ch\/fitness\/#\/schema\/logo\/image\/"}}]}},"_links":{"self":[{"href":"https:\/\/rntl.ch\/fitness\/wp-json\/wp\/v2\/product\/9988","targetHints":{"allow":["GET"]}}],"collection":[{"href":"https:\/\/rntl.ch\/fitness\/wp-json\/wp\/v2\/product"}],"about":[{"href":"https:\/\/rntl.ch\/fitness\/wp-json\/wp\/v2\/types\/product"}],"version-history":[{"count":1,"href":"https:\/\/rntl.ch\/fitness\/wp-json\/wp\/v2\/product\/9988\/revisions"}],"predecessor-version":[{"id":28955,"href":"https:\/\/rntl.ch\/fitness\/wp-json\/wp\/v2\/product\/9988\/revisions\/28955"}],"wp:featuredmedia":[{"embeddable":true,"href":"https:\/\/rntl.ch\/fitness\/wp-json\/wp\/v2\/media\/9990"}],"wp:attachment":[{"href":"https:\/\/rntl.ch\/fitness\/wp-json\/wp\/v2\/media?parent=9988"}],"wp:term":[{"taxonomy":"product_brand","embeddable":true,"href":"https:\/\/rntl.ch\/fitness\/wp-json\/wp\/v2\/product_brand?post=9988"},{"taxonomy":"product_cat","embeddable":true,"href":"https:\/\/rntl.ch\/fitness\/wp-json\/wp\/v2\/product_cat?post=9988"},{"taxonomy":"product_tag","embeddable":true,"href":"https:\/\/rntl.ch\/fitness\/wp-json\/wp\/v2\/product_tag?post=9988"}],"curies":[{"name":"wp","href":"https:\/\/api.w.org\/{rel}","templated":true}]}}